{"id":105,"date":"2023-06-12T14:08:42","date_gmt":"2023-06-12T14:08:42","guid":{"rendered":"https:\/\/www.drebes-gmbh.de\/?page_id=105"},"modified":"2025-05-14T10:49:24","modified_gmt":"2025-05-14T10:49:24","slug":"production","status":"publish","type":"page","link":"https:\/\/www.drebes-gmbh.de\/en\/unternehmen\/produktion\/","title":{"rendered":"Production"},"content":{"rendered":"<div data-elementor-type=\"wp-page\" data-elementor-id=\"105\" class=\"elementor elementor-105\" data-elementor-post-type=\"page\">\n\t\t\t\t\t\t<section class=\"elementor-section elementor-top-section elementor-element elementor-element-cfea289 elementor-section-boxed elementor-section-height-default elementor-section-height-default\" data-id=\"cfea289\" data-element_type=\"section\" data-e-type=\"section\">\n\t\t\t\t\t\t<div class=\"elementor-container elementor-column-gap-default\">\n\t\t\t\t\t<div class=\"elementor-column elementor-col-50 elementor-top-column elementor-element elementor-element-a65c3d2\" data-id=\"a65c3d2\" data-element_type=\"column\" data-e-type=\"column\">\n\t\t\t<div class=\"elementor-widget-wrap elementor-element-populated\">\n\t\t\t\t\t\t<div class=\"elementor-element elementor-element-438541c elementor-widget elementor-widget-text-editor\" data-id=\"438541c\" data-element_type=\"widget\" data-e-type=\"widget\" data-widget_type=\"text-editor.default\">\n\t\t\t\t<div class=\"elementor-widget-container\">\n\t\t\t\t\t\t\t\t\t<p>Progress requires tradition: our company's motto is particularly evident in our production.<\/p><p>At our production site in Korschenbroich, state-of-the-art high-tech machines stand alongside tried-and-tested tools.<\/p>\t\t\t\t\t\t\t\t<\/div>\n\t\t\t\t<\/div>\n\t\t\t\t\t<\/div>\n\t\t<\/div>\n\t\t\t\t<div class=\"elementor-column elementor-col-50 elementor-top-column elementor-element elementor-element-4c836d1\" data-id=\"4c836d1\" data-element_type=\"column\" data-e-type=\"column\">\n\t\t\t<div class=\"elementor-widget-wrap elementor-element-populated\">\n\t\t\t\t\t\t<div class=\"elementor-element elementor-element-9e1eef7 elementor-widget elementor-widget-text-editor\" data-id=\"9e1eef7\" data-element_type=\"widget\" data-e-type=\"widget\" data-widget_type=\"text-editor.default\">\n\t\t\t\t<div class=\"elementor-widget-container\">\n\t\t\t\t\t\t\t\t\t<p>And that is exactly what sets us apart: We combine robotics with the experienced hands of our employees according to your requirements such as quantities, materials and processing requests. Through this combination and by utilising the strengths of different experiences, we are able to provide you with exactly the result you want.<\/p>\t\t\t\t\t\t\t\t<\/div>\n\t\t\t\t<\/div>\n\t\t\t\t\t<\/div>\n\t\t<\/div>\n\t\t\t\t\t<\/div>\n\t\t<\/section>\n\t\t\t\t<section class=\"elementor-section elementor-top-section elementor-element elementor-element-63bcbae elementor-section-full_width elementor-section-stretched elementor-section-height-default elementor-section-height-default\" data-id=\"63bcbae\" data-element_type=\"section\" data-e-type=\"section\" data-settings=\"{&quot;stretch_section&quot;:&quot;section-stretched&quot;}\">\n\t\t\t\t\t\t<div class=\"elementor-container elementor-column-gap-no\">\n\t\t\t\t\t<div class=\"elementor-column elementor-col-100 elementor-top-column elementor-element elementor-element-4b09c44\" data-id=\"4b09c44\" data-element_type=\"column\" data-e-type=\"column\">\n\t\t\t<div class=\"elementor-widget-wrap elementor-element-populated\">\n\t\t\t\t\t\t<div class=\"elementor-element elementor-element-3680fc7 elementor-widget-divider--view-line elementor-widget elementor-widget-divider\" data-id=\"3680fc7\" data-element_type=\"widget\" data-e-type=\"widget\" data-widget_type=\"divider.default\">\n\t\t\t\t<div class=\"elementor-widget-container\">\n\t\t\t\t\t\t\t<div class=\"elementor-divider\">\n\t\t\t<span class=\"elementor-divider-separator\">\n\t\t\t\t\t\t<\/span>\n\t\t<\/div>\n\t\t\t\t\t\t<\/div>\n\t\t\t\t<\/div>\n\t\t\t\t\t<\/div>\n\t\t<\/div>\n\t\t\t\t\t<\/div>\n\t\t<\/section>\n\t\t\t\t<section class=\"elementor-section elementor-top-section elementor-element elementor-element-8a729e0 elementor-section-boxed elementor-section-height-default elementor-section-height-default\" data-id=\"8a729e0\" data-element_type=\"section\" data-e-type=\"section\">\n\t\t\t\t\t\t<div class=\"elementor-container elementor-column-gap-default\">\n\t\t\t\t\t<div class=\"elementor-column elementor-col-100 elementor-top-column elementor-element elementor-element-7d5bf31\" data-id=\"7d5bf31\" data-element_type=\"column\" data-e-type=\"column\">\n\t\t\t<div class=\"elementor-widget-wrap elementor-element-populated\">\n\t\t\t\t\t\t<div class=\"elementor-element elementor-element-d8f5f8e elementor-widget elementor-widget-heading\" data-id=\"d8f5f8e\" data-element_type=\"widget\" data-e-type=\"widget\" data-widget_type=\"heading.default\">\n\t\t\t\t<div class=\"elementor-widget-container\">\n\t\t\t\t\t<h2 class=\"elementor-heading-title elementor-size-default\">Benefit from our expertise<\/h2>\t\t\t\t<\/div>\n\t\t\t\t<\/div>\n\t\t\t\t\t<\/div>\n\t\t<\/div>\n\t\t\t\t\t<\/div>\n\t\t<\/section>\n\t\t\t\t<section class=\"elementor-section elementor-top-section elementor-element elementor-element-ceb47dc elementor-section-boxed elementor-section-height-default elementor-section-height-default\" data-id=\"ceb47dc\" data-element_type=\"section\" data-e-type=\"section\">\n\t\t\t\t\t\t<div class=\"elementor-container elementor-column-gap-default\">\n\t\t\t\t\t<div class=\"elementor-column elementor-col-25 elementor-top-column elementor-element elementor-element-c1db09c\" data-id=\"c1db09c\" data-element_type=\"column\" data-e-type=\"column\">\n\t\t\t<div class=\"elementor-widget-wrap elementor-element-populated\">\n\t\t\t\t\t\t<div class=\"elementor-element elementor-element-7f59e37 elementor-widget elementor-widget-counter\" data-id=\"7f59e37\" data-element_type=\"widget\" data-e-type=\"widget\" data-widget_type=\"counter.default\">\n\t\t\t\t<div class=\"elementor-widget-container\">\n\t\t\t\t\t\t\t<div class=\"elementor-counter\">\n\t\t\t<div class=\"elementor-counter-title\">AREA in m\u00b2<\/div>\t\t\t<div class=\"elementor-counter-number-wrapper\">\n\t\t\t\t<span class=\"elementor-counter-number-prefix\"><\/span>\n\t\t\t\t<span class=\"elementor-counter-number\" data-duration=\"2000\" data-to-value=\"3800\" data-from-value=\"0\" data-delimiter=\".\">0<\/span>\n\t\t\t\t<span class=\"elementor-counter-number-suffix\"><\/span>\n\t\t\t<\/div>\n\t\t<\/div>\n\t\t\t\t\t\t<\/div>\n\t\t\t\t<\/div>\n\t\t\t\t\t<\/div>\n\t\t<\/div>\n\t\t\t\t<div class=\"elementor-column elementor-col-25 elementor-top-column elementor-element elementor-element-9d223a2\" data-id=\"9d223a2\" data-element_type=\"column\" data-e-type=\"column\">\n\t\t\t<div class=\"elementor-widget-wrap elementor-element-populated\">\n\t\t\t\t\t\t<div class=\"elementor-element elementor-element-e7ff1bf elementor-widget elementor-widget-counter\" data-id=\"e7ff1bf\" data-element_type=\"widget\" data-e-type=\"widget\" data-widget_type=\"counter.default\">\n\t\t\t\t<div class=\"elementor-widget-container\">\n\t\t\t\t\t\t\t<div class=\"elementor-counter\">\n\t\t\t<div class=\"elementor-counter-title\">Employees<\/div>\t\t\t<div class=\"elementor-counter-number-wrapper\">\n\t\t\t\t<span class=\"elementor-counter-number-prefix\"><\/span>\n\t\t\t\t<span class=\"elementor-counter-number\" data-duration=\"1000\" data-to-value=\"15\" data-from-value=\"0\" data-delimiter=\",\">0<\/span>\n\t\t\t\t<span class=\"elementor-counter-number-suffix\"><\/span>\n\t\t\t<\/div>\n\t\t<\/div>\n\t\t\t\t\t\t<\/div>\n\t\t\t\t<\/div>\n\t\t\t\t\t<\/div>\n\t\t<\/div>\n\t\t\t\t<div class=\"elementor-column elementor-col-25 elementor-top-column elementor-element elementor-element-520c4cf\" data-id=\"520c4cf\" data-element_type=\"column\" data-e-type=\"column\">\n\t\t\t<div class=\"elementor-widget-wrap elementor-element-populated\">\n\t\t\t\t\t\t<div class=\"elementor-element elementor-element-3b1db98 elementor-widget elementor-widget-counter\" data-id=\"3b1db98\" data-element_type=\"widget\" data-e-type=\"widget\" data-widget_type=\"counter.default\">\n\t\t\t\t<div class=\"elementor-widget-container\">\n\t\t\t\t\t\t\t<div class=\"elementor-counter\">\n\t\t\t<div class=\"elementor-counter-title\">Satisfied customers<\/div>\t\t\t<div class=\"elementor-counter-number-wrapper\">\n\t\t\t\t<span class=\"elementor-counter-number-prefix\"><\/span>\n\t\t\t\t<span class=\"elementor-counter-number\" data-duration=\"1000\" data-to-value=\"200\" data-from-value=\"0\" data-delimiter=\",\">0<\/span>\n\t\t\t\t<span class=\"elementor-counter-number-suffix\"><\/span>\n\t\t\t<\/div>\n\t\t<\/div>\n\t\t\t\t\t\t<\/div>\n\t\t\t\t<\/div>\n\t\t\t\t\t<\/div>\n\t\t<\/div>\n\t\t\t\t<div class=\"elementor-column elementor-col-25 elementor-top-column elementor-element elementor-element-59cb8f5\" data-id=\"59cb8f5\" data-element_type=\"column\" data-e-type=\"column\">\n\t\t\t<div class=\"elementor-widget-wrap elementor-element-populated\">\n\t\t\t\t\t\t<div class=\"elementor-element elementor-element-9b0ea74 elementor-widget elementor-widget-counter\" data-id=\"9b0ea74\" data-element_type=\"widget\" data-e-type=\"widget\" data-widget_type=\"counter.default\">\n\t\t\t\t<div class=\"elementor-widget-container\">\n\t\t\t\t\t\t\t<div class=\"elementor-counter\">\n\t\t\t<div class=\"elementor-counter-title\">Product variety<\/div>\t\t\t<div class=\"elementor-counter-number-wrapper\">\n\t\t\t\t<span class=\"elementor-counter-number-prefix\"><\/span>\n\t\t\t\t<span class=\"elementor-counter-number\" data-duration=\"1000\" data-to-value=\"2500\" data-from-value=\"0\" data-delimiter=\".\">0<\/span>\n\t\t\t\t<span class=\"elementor-counter-number-suffix\"><\/span>\n\t\t\t<\/div>\n\t\t<\/div>\n\t\t\t\t\t\t<\/div>\n\t\t\t\t<\/div>\n\t\t\t\t\t<\/div>\n\t\t<\/div>\n\t\t\t\t\t<\/div>\n\t\t<\/section>\n\t\t\t\t<section class=\"elementor-section elementor-top-section elementor-element elementor-element-d52bde2 elementor-section-boxed elementor-section-height-default elementor-section-height-default\" data-id=\"d52bde2\" data-element_type=\"section\" data-e-type=\"section\">\n\t\t\t\t\t\t<div class=\"elementor-container elementor-column-gap-default\">\n\t\t\t\t\t<div class=\"elementor-column elementor-col-100 elementor-top-column elementor-element elementor-element-e93a4f1\" data-id=\"e93a4f1\" data-element_type=\"column\" data-e-type=\"column\">\n\t\t\t<div class=\"elementor-widget-wrap elementor-element-populated\">\n\t\t\t\t\t\t<div class=\"elementor-element elementor-element-530b83f elementor-widget elementor-widget-heading\" data-id=\"530b83f\" data-element_type=\"widget\" data-e-type=\"widget\" data-widget_type=\"heading.default\">\n\t\t\t\t<div class=\"elementor-widget-container\">\n\t\t\t\t\t<h2 class=\"elementor-heading-title elementor-size-default\">Certificates<\/h2>\t\t\t\t<\/div>\n\t\t\t\t<\/div>\n\t\t\t\t<div class=\"elementor-element elementor-element-edbbb94 elementor-widget elementor-widget-text-editor\" data-id=\"edbbb94\" data-element_type=\"widget\" data-e-type=\"widget\" data-widget_type=\"text-editor.default\">\n\t\t\t\t<div class=\"elementor-widget-container\">\n\t\t\t\t\t\t\t\t\t<p>We operate a quality management system in accordance with DIN EN ISO 9001<\/p>\t\t\t\t\t\t\t\t<\/div>\n\t\t\t\t<\/div>\n\t\t\t\t<div class=\"elementor-element elementor-element-2880bad elementor-button-info elementor-align-center elementor-widget elementor-widget-button\" data-id=\"2880bad\" data-element_type=\"widget\" data-e-type=\"widget\" data-widget_type=\"button.default\">\n\t\t\t\t<div class=\"elementor-widget-container\">\n\t\t\t\t\t\t\t\t\t<div class=\"elementor-button-wrapper\">\n\t\t\t\t\t<a class=\"elementor-button elementor-button-link elementor-size-sm\" href=\"https:\/\/www.drebes-gmbh.de\/wp-content\/uploads\/Drebes_Zertifikat_ISO-9001_24_27.pdf\">\n\t\t\t\t\t\t<span class=\"elementor-button-content-wrapper\">\n\t\t\t\t\t\t\t\t\t<span class=\"elementor-button-text\">Download certificate<\/span>\n\t\t\t\t\t<\/span>\n\t\t\t\t\t<\/a>\n\t\t\t\t<\/div>\n\t\t\t\t\t\t\t\t<\/div>\n\t\t\t\t<\/div>\n\t\t\t\t\t<\/div>\n\t\t<\/div>\n\t\t\t\t\t<\/div>\n\t\t<\/section>\n\t\t\t\t<\/div>","protected":false},"excerpt":{"rendered":"<p>Fortschritt setzt Tradition voraus: Der Leitspruch unseres Unternehmens zeigt sich im Besonderen Ma\u00dfe in unserer Produktion. An unserem Produktionsstandort in Korschenbroich stehen modernste High-Tech Maschinen neben bew\u00e4hrten Werkzeugen. Und genau das zeichnet uns aus: Entsprechend Ihrer Anforderungen wie St\u00fcckzahlen, Materialien und Bearbeitungsw\u00fcnsche, kombinieren wir Robotik mit den erfahrenen H\u00e4nden unserer Mitarbeiter. Durch diese Kombination und [&hellip;]<\/p>\n","protected":false},"author":1,"featured_media":1129,"parent":101,"menu_order":0,"comment_status":"closed","ping_status":"closed","template":"","meta":{"footnotes":""},"class_list":["post-105","page","type-page","status-publish","has-post-thumbnail","hentry"],"yoast_head":"<!-- This site is optimized with the Yoast SEO plugin v27.3 - https:\/\/yoast.com\/product\/yoast-seo-wordpress\/ -->\n<title>Produktion | Drebes GmbH | Stahlrohrhandel in Korschenbroich<\/title>\n<meta name=\"robots\" content=\"index, follow, max-snippet:-1, max-image-preview:large, max-video-preview:-1\" \/>\n<link rel=\"canonical\" href=\"https:\/\/www.drebes-gmbh.de\/en\/company\/production\/\" \/>\n<script type=\"application\/ld+json\" class=\"yoast-schema-graph\">{\"@context\":\"https:\\\/\\\/schema.org\",\"@graph\":[{\"@type\":\"WebPage\",\"@id\":\"https:\\\/\\\/www.drebes-gmbh.de\\\/unternehmen\\\/produktion\\\/\",\"url\":\"https:\\\/\\\/www.drebes-gmbh.de\\\/unternehmen\\\/produktion\\\/\",\"name\":\"Produktion | Drebes GmbH | Stahlrohrhandel in Korschenbroich\",\"isPartOf\":{\"@id\":\"https:\\\/\\\/www.drebes-gmbh.de\\\/#website\"},\"primaryImageOfPage\":{\"@id\":\"https:\\\/\\\/www.drebes-gmbh.de\\\/unternehmen\\\/produktion\\\/#primaryimage\"},\"image\":{\"@id\":\"https:\\\/\\\/www.drebes-gmbh.de\\\/unternehmen\\\/produktion\\\/#primaryimage\"},\"thumbnailUrl\":\"https:\\\/\\\/www.drebes-gmbh.de\\\/wp-content\\\/uploads\\\/drebes_produktion_2023_001-1.jpg\",\"datePublished\":\"2023-06-12T14:08:42+00:00\",\"dateModified\":\"2025-05-14T10:49:24+00:00\",\"breadcrumb\":{\"@id\":\"https:\\\/\\\/www.drebes-gmbh.de\\\/unternehmen\\\/produktion\\\/#breadcrumb\"},\"inLanguage\":\"en-GB\",\"potentialAction\":[{\"@type\":\"ReadAction\",\"target\":[\"https:\\\/\\\/www.drebes-gmbh.de\\\/unternehmen\\\/produktion\\\/\"]}]},{\"@type\":\"ImageObject\",\"inLanguage\":\"en-GB\",\"@id\":\"https:\\\/\\\/www.drebes-gmbh.de\\\/unternehmen\\\/produktion\\\/#primaryimage\",\"url\":\"https:\\\/\\\/www.drebes-gmbh.de\\\/wp-content\\\/uploads\\\/drebes_produktion_2023_001-1.jpg\",\"contentUrl\":\"https:\\\/\\\/www.drebes-gmbh.de\\\/wp-content\\\/uploads\\\/drebes_produktion_2023_001-1.jpg\",\"width\":1920,\"height\":550},{\"@type\":\"BreadcrumbList\",\"@id\":\"https:\\\/\\\/www.drebes-gmbh.de\\\/unternehmen\\\/produktion\\\/#breadcrumb\",\"itemListElement\":[{\"@type\":\"ListItem\",\"position\":1,\"name\":\"Startseite\",\"item\":\"https:\\\/\\\/www.drebes-gmbh.de\\\/\"},{\"@type\":\"ListItem\",\"position\":2,\"name\":\"Unternehmen\",\"item\":\"https:\\\/\\\/www.drebes-gmbh.de\\\/unternehmen\\\/\"},{\"@type\":\"ListItem\",\"position\":3,\"name\":\"Produktion\"}]},{\"@type\":\"WebSite\",\"@id\":\"https:\\\/\\\/www.drebes-gmbh.de\\\/#website\",\"url\":\"https:\\\/\\\/www.drebes-gmbh.de\\\/\",\"name\":\"Drebes GmbH | Stahlrohrhandel in Korschenbroich\",\"description\":\"Pr\u00e4zisionsrohre und Trenntechnik - Rohrbearbeitung seit 1969\",\"publisher\":{\"@id\":\"https:\\\/\\\/www.drebes-gmbh.de\\\/#organization\"},\"alternateName\":\"Drebes Stahlrohrhandel\",\"potentialAction\":[{\"@type\":\"SearchAction\",\"target\":{\"@type\":\"EntryPoint\",\"urlTemplate\":\"https:\\\/\\\/www.drebes-gmbh.de\\\/?s={search_term_string}\"},\"query-input\":{\"@type\":\"PropertyValueSpecification\",\"valueRequired\":true,\"valueName\":\"search_term_string\"}}],\"inLanguage\":\"en-GB\"},{\"@type\":\"Organization\",\"@id\":\"https:\\\/\\\/www.drebes-gmbh.de\\\/#organization\",\"name\":\"Drebes GmbH\",\"alternateName\":\"Drebes Stahlrohrhandel\",\"url\":\"https:\\\/\\\/www.drebes-gmbh.de\\\/\",\"logo\":{\"@type\":\"ImageObject\",\"inLanguage\":\"en-GB\",\"@id\":\"https:\\\/\\\/www.drebes-gmbh.de\\\/#\\\/schema\\\/logo\\\/image\\\/\",\"url\":\"https:\\\/\\\/www.drebes-gmbh.de\\\/wp-content\\\/uploads\\\/drebes-logo-1200x1200_web.jpg\",\"contentUrl\":\"https:\\\/\\\/www.drebes-gmbh.de\\\/wp-content\\\/uploads\\\/drebes-logo-1200x1200_web.jpg\",\"width\":1200,\"height\":1200,\"caption\":\"Drebes GmbH\"},\"image\":{\"@id\":\"https:\\\/\\\/www.drebes-gmbh.de\\\/#\\\/schema\\\/logo\\\/image\\\/\"}}]}<\/script>\n<!-- \/ Yoast SEO plugin. -->","yoast_head_json":{"title":"Production | Drebes GmbH | Steel tube trade in Korschenbroich","robots":{"index":"index","follow":"follow","max-snippet":"max-snippet:-1","max-image-preview":"max-image-preview:large","max-video-preview":"max-video-preview:-1"},"canonical":"https:\/\/www.drebes-gmbh.de\/en\/company\/production\/","schema":{"@context":"https:\/\/schema.org","@graph":[{"@type":"WebPage","@id":"https:\/\/www.drebes-gmbh.de\/unternehmen\/produktion\/","url":"https:\/\/www.drebes-gmbh.de\/unternehmen\/produktion\/","name":"Production | Drebes GmbH | Steel tube trade in Korschenbroich","isPartOf":{"@id":"https:\/\/www.drebes-gmbh.de\/#website"},"primaryImageOfPage":{"@id":"https:\/\/www.drebes-gmbh.de\/unternehmen\/produktion\/#primaryimage"},"image":{"@id":"https:\/\/www.drebes-gmbh.de\/unternehmen\/produktion\/#primaryimage"},"thumbnailUrl":"https:\/\/www.drebes-gmbh.de\/wp-content\/uploads\/drebes_produktion_2023_001-1.jpg","datePublished":"2023-06-12T14:08:42+00:00","dateModified":"2025-05-14T10:49:24+00:00","breadcrumb":{"@id":"https:\/\/www.drebes-gmbh.de\/unternehmen\/produktion\/#breadcrumb"},"inLanguage":"en-GB","potentialAction":[{"@type":"ReadAction","target":["https:\/\/www.drebes-gmbh.de\/unternehmen\/produktion\/"]}]},{"@type":"ImageObject","inLanguage":"en-GB","@id":"https:\/\/www.drebes-gmbh.de\/unternehmen\/produktion\/#primaryimage","url":"https:\/\/www.drebes-gmbh.de\/wp-content\/uploads\/drebes_produktion_2023_001-1.jpg","contentUrl":"https:\/\/www.drebes-gmbh.de\/wp-content\/uploads\/drebes_produktion_2023_001-1.jpg","width":1920,"height":550},{"@type":"BreadcrumbList","@id":"https:\/\/www.drebes-gmbh.de\/unternehmen\/produktion\/#breadcrumb","itemListElement":[{"@type":"ListItem","position":1,"name":"Startseite","item":"https:\/\/www.drebes-gmbh.de\/"},{"@type":"ListItem","position":2,"name":"Unternehmen","item":"https:\/\/www.drebes-gmbh.de\/unternehmen\/"},{"@type":"ListItem","position":3,"name":"Produktion"}]},{"@type":"WebSite","@id":"https:\/\/www.drebes-gmbh.de\/#website","url":"https:\/\/www.drebes-gmbh.de\/","name":"Drebes GmbH | Steel pipe trade in Korschenbroich","description":"Precision tubes and cutting technology - tube processing since 1969","publisher":{"@id":"https:\/\/www.drebes-gmbh.de\/#organization"},"alternateName":"Drebes Stahlrohrhandel","potentialAction":[{"@type":"SearchAction","target":{"@type":"EntryPoint","urlTemplate":"https:\/\/www.drebes-gmbh.de\/?s={search_term_string}"},"query-input":{"@type":"PropertyValueSpecification","valueRequired":true,"valueName":"search_term_string"}}],"inLanguage":"en-GB"},{"@type":"Organization","@id":"https:\/\/www.drebes-gmbh.de\/#organization","name":"Drebes GmbH","alternateName":"Drebes Stahlrohrhandel","url":"https:\/\/www.drebes-gmbh.de\/","logo":{"@type":"ImageObject","inLanguage":"en-GB","@id":"https:\/\/www.drebes-gmbh.de\/#\/schema\/logo\/image\/","url":"https:\/\/www.drebes-gmbh.de\/wp-content\/uploads\/drebes-logo-1200x1200_web.jpg","contentUrl":"https:\/\/www.drebes-gmbh.de\/wp-content\/uploads\/drebes-logo-1200x1200_web.jpg","width":1200,"height":1200,"caption":"Drebes GmbH"},"image":{"@id":"https:\/\/www.drebes-gmbh.de\/#\/schema\/logo\/image\/"}}]}},"_links":{"self":[{"href":"https:\/\/www.drebes-gmbh.de\/en\/wp-json\/wp\/v2\/pages\/105","targetHints":{"allow":["GET"]}}],"collection":[{"href":"https:\/\/www.drebes-gmbh.de\/en\/wp-json\/wp\/v2\/pages"}],"about":[{"href":"https:\/\/www.drebes-gmbh.de\/en\/wp-json\/wp\/v2\/types\/page"}],"author":[{"embeddable":true,"href":"https:\/\/www.drebes-gmbh.de\/en\/wp-json\/wp\/v2\/users\/1"}],"replies":[{"embeddable":true,"href":"https:\/\/www.drebes-gmbh.de\/en\/wp-json\/wp\/v2\/comments?post=105"}],"version-history":[{"count":20,"href":"https:\/\/www.drebes-gmbh.de\/en\/wp-json\/wp\/v2\/pages\/105\/revisions"}],"predecessor-version":[{"id":115414,"href":"https:\/\/www.drebes-gmbh.de\/en\/wp-json\/wp\/v2\/pages\/105\/revisions\/115414"}],"up":[{"embeddable":true,"href":"https:\/\/www.drebes-gmbh.de\/en\/wp-json\/wp\/v2\/pages\/101"}],"wp:featuredmedia":[{"embeddable":true,"href":"https:\/\/www.drebes-gmbh.de\/en\/wp-json\/wp\/v2\/media\/1129"}],"wp:attachment":[{"href":"https:\/\/www.drebes-gmbh.de\/en\/wp-json\/wp\/v2\/media?parent=105"}],"curies":[{"name":"wp","href":"https:\/\/api.w.org\/{rel}","templated":true}]}}