{"id":95,"date":"2023-06-12T14:07:31","date_gmt":"2023-06-12T14:07:31","guid":{"rendered":"https:\/\/www.drebes-gmbh.de\/?page_id=95"},"modified":"2023-12-13T15:08:35","modified_gmt":"2023-12-13T15:08:35","slug":"forming-technology","status":"publish","type":"page","link":"https:\/\/www.drebes-gmbh.de\/en\/leistungen\/umformtechnik\/","title":{"rendered":"Forming technology"},"content":{"rendered":"<div data-elementor-type=\"wp-page\" data-elementor-id=\"95\" class=\"elementor elementor-95\" data-elementor-post-type=\"page\">\n\t\t\t\t\t\t<section class=\"elementor-section elementor-top-section elementor-element elementor-element-cfea289 elementor-section-boxed elementor-section-height-default elementor-section-height-default\" data-id=\"cfea289\" data-element_type=\"section\" data-e-type=\"section\">\n\t\t\t\t\t\t<div class=\"elementor-container elementor-column-gap-default\">\n\t\t\t\t\t<div class=\"elementor-column elementor-col-50 elementor-top-column elementor-element elementor-element-a65c3d2\" data-id=\"a65c3d2\" data-element_type=\"column\" data-e-type=\"column\">\n\t\t\t<div class=\"elementor-widget-wrap elementor-element-populated\">\n\t\t\t\t\t\t<div class=\"elementor-element elementor-element-28cbf40 elementor-widget elementor-widget-image\" data-id=\"28cbf40\" data-element_type=\"widget\" data-e-type=\"widget\" data-widget_type=\"image.default\">\n\t\t\t\t<div class=\"elementor-widget-container\">\n\t\t\t\t\t\t\t\t\t\t\t\t\t\t\t<img fetchpriority=\"high\" decoding=\"async\" width=\"800\" height=\"534\" src=\"https:\/\/www.drebes-gmbh.de\/wp-content\/uploads\/0qWfAyL0-1024x683.jpeg\" class=\"attachment-large size-large wp-image-687\" alt=\"\" srcset=\"https:\/\/www.drebes-gmbh.de\/wp-content\/uploads\/0qWfAyL0-1024x683.jpeg 1024w, https:\/\/www.drebes-gmbh.de\/wp-content\/uploads\/0qWfAyL0-300x200.jpeg 300w, https:\/\/www.drebes-gmbh.de\/wp-content\/uploads\/0qWfAyL0-768x512.jpeg 768w, https:\/\/www.drebes-gmbh.de\/wp-content\/uploads\/0qWfAyL0-1536x1024.jpeg 1536w, https:\/\/www.drebes-gmbh.de\/wp-content\/uploads\/0qWfAyL0-2048x1365.jpeg 2048w\" sizes=\"(max-width: 800px) 100vw, 800px\" \/>\t\t\t\t\t\t\t\t\t\t\t\t\t\t\t<\/div>\n\t\t\t\t<\/div>\n\t\t\t\t\t<\/div>\n\t\t<\/div>\n\t\t\t\t<div class=\"elementor-column elementor-col-50 elementor-top-column elementor-element elementor-element-4c836d1\" data-id=\"4c836d1\" data-element_type=\"column\" data-e-type=\"column\">\n\t\t\t<div class=\"elementor-widget-wrap elementor-element-populated\">\n\t\t\t\t\t\t<div class=\"elementor-element elementor-element-9e1eef7 elementor-widget elementor-widget-text-editor\" data-id=\"9e1eef7\" data-element_type=\"widget\" data-e-type=\"widget\" data-widget_type=\"text-editor.default\">\n\t\t\t\t<div class=\"elementor-widget-container\">\n\t\t\t\t\t\t\t\t\t<p>Products with tight tolerances and complex 3D geometries are produced on our fully automated bending centre.<\/p>\t\t\t\t\t\t\t\t<\/div>\n\t\t\t\t<\/div>\n\t\t\t\t<div class=\"elementor-element elementor-element-30202f0 elementor-widget elementor-widget-text-editor\" data-id=\"30202f0\" data-element_type=\"widget\" data-e-type=\"widget\" data-widget_type=\"text-editor.default\">\n\t\t\t\t<div class=\"elementor-widget-container\">\n\t\t\t\t\t\t\t\t\t<p>We are also able to integrate interlinked work steps such as punching into the process. We are also happy to think outside the box to find the best solution for you.<\/p>\t\t\t\t\t\t\t\t<\/div>\n\t\t\t\t<\/div>\n\t\t\t\t\t<\/div>\n\t\t<\/div>\n\t\t\t\t\t<\/div>\n\t\t<\/section>\n\t\t\t\t<section class=\"elementor-section elementor-top-section elementor-element elementor-element-77dbdc3 elementor-section-boxed elementor-section-height-default elementor-section-height-default\" data-id=\"77dbdc3\" data-element_type=\"section\" data-e-type=\"section\">\n\t\t\t\t\t\t<div class=\"elementor-container elementor-column-gap-default\">\n\t\t\t\t\t<div class=\"elementor-column elementor-col-100 elementor-top-column elementor-element elementor-element-44b7238\" data-id=\"44b7238\" data-element_type=\"column\" data-e-type=\"column\">\n\t\t\t<div class=\"elementor-widget-wrap elementor-element-populated\">\n\t\t\t\t\t\t<div class=\"elementor-element elementor-element-60f8101 elementor-widget-divider--view-line elementor-widget elementor-widget-divider\" data-id=\"60f8101\" data-element_type=\"widget\" data-e-type=\"widget\" data-widget_type=\"divider.default\">\n\t\t\t\t<div class=\"elementor-widget-container\">\n\t\t\t\t\t\t\t<div class=\"elementor-divider\">\n\t\t\t<span class=\"elementor-divider-separator\">\n\t\t\t\t\t\t<\/span>\n\t\t<\/div>\n\t\t\t\t\t\t<\/div>\n\t\t\t\t<\/div>\n\t\t\t\t\t<\/div>\n\t\t<\/div>\n\t\t\t\t\t<\/div>\n\t\t<\/section>\n\t\t\t\t<section class=\"elementor-section elementor-top-section elementor-element elementor-element-d02d231 elementor-section-boxed elementor-section-height-default elementor-section-height-default\" data-id=\"d02d231\" data-element_type=\"section\" data-e-type=\"section\">\n\t\t\t\t\t\t<div class=\"elementor-container elementor-column-gap-default\">\n\t\t\t\t\t<div class=\"elementor-column elementor-col-50 elementor-top-column elementor-element elementor-element-5b0a89e\" data-id=\"5b0a89e\" data-element_type=\"column\" data-e-type=\"column\">\n\t\t\t<div class=\"elementor-widget-wrap elementor-element-populated\">\n\t\t\t\t\t\t<div class=\"elementor-element elementor-element-7f6cc56 elementor-widget elementor-widget-heading\" data-id=\"7f6cc56\" data-element_type=\"widget\" data-e-type=\"widget\" data-widget_type=\"heading.default\">\n\t\t\t\t<div class=\"elementor-widget-container\">\n\t\t\t\t\t<h2 class=\"elementor-heading-title elementor-size-default\">End machining <\/h2>\t\t\t\t<\/div>\n\t\t\t\t<\/div>\n\t\t\t\t<div class=\"elementor-element elementor-element-fa9d3ef elementor-widget elementor-widget-text-editor\" data-id=\"fa9d3ef\" data-element_type=\"widget\" data-e-type=\"widget\" data-widget_type=\"text-editor.default\">\n\t\t\t\t<div class=\"elementor-widget-container\">\n\t\t\t\t\t\t\t\t\t<p><strong>AXIAL moulding<\/strong><\/p><p>Precise forming with quick tool changes<strong>. <\/strong>Our axial forming machine is perfectly suited for extremely straight and complex forming geometries.<\/p>\t\t\t\t\t\t\t\t<\/div>\n\t\t\t\t<\/div>\n\t\t\t\t<div class=\"elementor-element elementor-element-4838ddd elementor-widget elementor-widget-text-editor\" data-id=\"4838ddd\" data-element_type=\"widget\" data-e-type=\"widget\" data-widget_type=\"text-editor.default\">\n\t\t\t\t<div class=\"elementor-widget-container\">\n\t\t\t\t\t\t\t\t\t<p>With up to six forming stages in combination with an intermediate clamping unit, pipes can be expanded, compressed or shaped according to customer-specific requirements, for example. We manufacture with application-specific tools on our fully automated machining centre.<\/p>\t\t\t\t\t\t\t\t<\/div>\n\t\t\t\t<\/div>\n\t\t\t\t\t<\/div>\n\t\t<\/div>\n\t\t\t\t<div class=\"elementor-column elementor-col-50 elementor-top-column elementor-element elementor-element-71e34ea\" data-id=\"71e34ea\" data-element_type=\"column\" data-e-type=\"column\">\n\t\t\t<div class=\"elementor-widget-wrap elementor-element-populated\">\n\t\t\t\t\t\t<div class=\"elementor-element elementor-element-de07a8f elementor-widget elementor-widget-image\" data-id=\"de07a8f\" data-element_type=\"widget\" data-e-type=\"widget\" data-widget_type=\"image.default\">\n\t\t\t\t<div class=\"elementor-widget-container\">\n\t\t\t\t\t\t\t\t\t\t\t\t\t\t\t<img decoding=\"async\" width=\"720\" height=\"479\" src=\"https:\/\/www.drebes-gmbh.de\/wp-content\/uploads\/drebes_seite_umformtechnik_content_2023_011.jpg\" class=\"attachment-large size-large wp-image-1106\" alt=\"\" srcset=\"https:\/\/www.drebes-gmbh.de\/wp-content\/uploads\/drebes_seite_umformtechnik_content_2023_011.jpg 720w, https:\/\/www.drebes-gmbh.de\/wp-content\/uploads\/drebes_seite_umformtechnik_content_2023_011-300x200.jpg 300w\" sizes=\"(max-width: 720px) 100vw, 720px\" \/>\t\t\t\t\t\t\t\t\t\t\t\t\t\t\t<\/div>\n\t\t\t\t<\/div>\n\t\t\t\t\t<\/div>\n\t\t<\/div>\n\t\t\t\t\t<\/div>\n\t\t<\/section>\n\t\t\t\t<section class=\"elementor-section elementor-top-section elementor-element elementor-element-01c9b8a elementor-section-full_width elementor-section-stretched elementor-section-height-default elementor-section-height-default\" data-id=\"01c9b8a\" data-element_type=\"section\" data-e-type=\"section\" data-settings=\"{&quot;stretch_section&quot;:&quot;section-stretched&quot;}\">\n\t\t\t\t\t\t<div class=\"elementor-container elementor-column-gap-no\">\n\t\t\t\t\t<div class=\"elementor-column elementor-col-100 elementor-top-column elementor-element elementor-element-ab0f430\" data-id=\"ab0f430\" data-element_type=\"column\" data-e-type=\"column\">\n\t\t\t<div class=\"elementor-widget-wrap elementor-element-populated\">\n\t\t\t\t\t\t<div class=\"elementor-element elementor-element-f638b4b elementor-widget elementor-widget-template\" data-id=\"f638b4b\" data-element_type=\"widget\" data-e-type=\"widget\" data-widget_type=\"template.default\">\n\t\t\t\t<div class=\"elementor-widget-container\">\n\t\t\t\t\t\t\t<div class=\"elementor-template\">\n\t\t\t\t\t<div data-elementor-type=\"section\" data-elementor-id=\"795\" class=\"elementor elementor-795\" data-elementor-post-type=\"elementor_library\">\n\t\t\t\t\t<section class=\"elementor-section elementor-top-section elementor-element elementor-element-239f16ff elementor-section-boxed elementor-section-height-default elementor-section-height-default\" data-id=\"239f16ff\" data-element_type=\"section\" data-e-type=\"section\" data-settings=\"{&quot;background_background&quot;:&quot;classic&quot;}\">\n\t\t\t\t\t\t\t<div class=\"elementor-background-overlay\"><\/div>\n\t\t\t\t\t\t\t<div class=\"elementor-container elementor-column-gap-default\">\n\t\t\t\t\t<div class=\"elementor-column elementor-col-100 elementor-top-column elementor-element elementor-element-3656f40b\" data-id=\"3656f40b\" data-element_type=\"column\" data-e-type=\"column\">\n\t\t\t<div class=\"elementor-widget-wrap elementor-element-populated\">\n\t\t\t\t\t\t<div class=\"elementor-element elementor-element-6fd72141 elementor-widget elementor-widget-heading\" data-id=\"6fd72141\" data-element_type=\"widget\" data-e-type=\"widget\" data-widget_type=\"heading.default\">\n\t\t\t\t<div class=\"elementor-widget-container\">\n\t\t\t\t\t<h2 class=\"elementor-heading-title elementor-size-default\">\nSpecial requests for materials? <br>Please feel free to contact us. \n<\/h2>\t\t\t\t<\/div>\n\t\t\t\t<\/div>\n\t\t\t\t<div class=\"elementor-element elementor-element-3bf4827c elementor-widget elementor-widget-text-editor\" data-id=\"3bf4827c\" data-element_type=\"widget\" data-e-type=\"widget\" data-widget_type=\"text-editor.default\">\n\t\t\t\t<div class=\"elementor-widget-container\">\n\t\t\t\t\t\t\t\t\t<p>We are happy to work with you to develop a suitable solution, drawing on a wealth of experience.<br \/><br \/><\/p>\t\t\t\t\t\t\t\t<\/div>\n\t\t\t\t<\/div>\n\t\t\t\t<section class=\"elementor-section elementor-inner-section elementor-element elementor-element-1103c90e elementor-section-boxed elementor-section-height-default elementor-section-height-default\" data-id=\"1103c90e\" data-element_type=\"section\" data-e-type=\"section\">\n\t\t\t\t\t\t<div class=\"elementor-container elementor-column-gap-default\">\n\t\t\t\t\t<div class=\"elementor-column elementor-col-33 elementor-inner-column elementor-element elementor-element-5cd4da6c\" data-id=\"5cd4da6c\" data-element_type=\"column\" data-e-type=\"column\">\n\t\t\t<div class=\"elementor-widget-wrap\">\n\t\t\t\t\t\t\t<\/div>\n\t\t<\/div>\n\t\t\t\t<div class=\"elementor-column elementor-col-33 elementor-inner-column elementor-element elementor-element-6c221607\" data-id=\"6c221607\" data-element_type=\"column\" data-e-type=\"column\">\n\t\t\t<div class=\"elementor-widget-wrap elementor-element-populated\">\n\t\t\t\t\t\t<div class=\"elementor-element elementor-element-19bf79d5 elementor-align-justify elementor-widget elementor-widget-button\" data-id=\"19bf79d5\" data-element_type=\"widget\" data-e-type=\"widget\" data-widget_type=\"button.default\">\n\t\t\t\t<div class=\"elementor-widget-container\">\n\t\t\t\t\t\t\t\t\t<div class=\"elementor-button-wrapper\">\n\t\t\t\t\t<a class=\"elementor-button elementor-button-link elementor-size-xs\" href=\"https:\/\/www.drebes-gmbh.de\/en\/project-enquiry\/\">\n\t\t\t\t\t\t<span class=\"elementor-button-content-wrapper\">\n\t\t\t\t\t\t\t\t\t<span class=\"elementor-button-text\">Enquire NOW without obligation<\/span>\n\t\t\t\t\t<\/span>\n\t\t\t\t\t<\/a>\n\t\t\t\t<\/div>\n\t\t\t\t\t\t\t\t<\/div>\n\t\t\t\t<\/div>\n\t\t\t\t\t<\/div>\n\t\t<\/div>\n\t\t\t\t<div class=\"elementor-column elementor-col-33 elementor-inner-column elementor-element elementor-element-51f38fcd\" data-id=\"51f38fcd\" data-element_type=\"column\" data-e-type=\"column\">\n\t\t\t<div class=\"elementor-widget-wrap\">\n\t\t\t\t\t\t\t<\/div>\n\t\t<\/div>\n\t\t\t\t\t<\/div>\n\t\t<\/section>\n\t\t\t\t\t<\/div>\n\t\t<\/div>\n\t\t\t\t\t<\/div>\n\t\t<\/section>\n\t\t\t\t<\/div>\n\t\t\t\t<\/div>\n\t\t\t\t\t\t<\/div>\n\t\t\t\t<\/div>\n\t\t\t\t\t<\/div>\n\t\t<\/div>\n\t\t\t\t\t<\/div>\n\t\t<\/section>\n\t\t\t\t<\/div>","protected":false},"excerpt":{"rendered":"<p>Auf unserem vollautomatisierten Biegezentrum werden Produkte mit engen Toleranzen und aufwendigen 3D Geometrien realisiert. Dabei sind wir in der Lage auch verkettete Arbeitsschritte wie Stanzen in den Prozess einzubinden. Gerne denken wir auch mal um die Kurve damit wir f\u00fcr Sie die beste L\u00f6sung finden. Endenbearbeitung AXIAL-Umformen Pr\u00e4zises Umformen mit schnellen Werkzeugwechseln. Unsere axiale Umformmaschine [&hellip;]<\/p>\n","protected":false},"author":1,"featured_media":1110,"parent":41,"menu_order":0,"comment_status":"closed","ping_status":"closed","template":"","meta":{"footnotes":""},"class_list":["post-95","page","type-page","status-publish","has-post-thumbnail","hentry"],"yoast_head":"<!-- This site is optimized with the Yoast SEO plugin v27.5 - https:\/\/yoast.com\/product\/yoast-seo-wordpress\/ -->\n<title>Umformtechnik | Drebes GmbH | Stahlrohrhandel in Korschenbroich<\/title>\n<meta name=\"robots\" content=\"index, follow, max-snippet:-1, max-image-preview:large, max-video-preview:-1\" \/>\n<link rel=\"canonical\" href=\"https:\/\/www.drebes-gmbh.de\/en\/services\/forming-technology\/\" \/>\n<script type=\"application\/ld+json\" class=\"yoast-schema-graph\">{\"@context\":\"https:\\\/\\\/schema.org\",\"@graph\":[{\"@type\":\"WebPage\",\"@id\":\"https:\\\/\\\/www.drebes-gmbh.de\\\/leistungen\\\/umformtechnik\\\/\",\"url\":\"https:\\\/\\\/www.drebes-gmbh.de\\\/leistungen\\\/umformtechnik\\\/\",\"name\":\"Umformtechnik | Drebes GmbH | Stahlrohrhandel in Korschenbroich\",\"isPartOf\":{\"@id\":\"https:\\\/\\\/www.drebes-gmbh.de\\\/#website\"},\"primaryImageOfPage\":{\"@id\":\"https:\\\/\\\/www.drebes-gmbh.de\\\/leistungen\\\/umformtechnik\\\/#primaryimage\"},\"image\":{\"@id\":\"https:\\\/\\\/www.drebes-gmbh.de\\\/leistungen\\\/umformtechnik\\\/#primaryimage\"},\"thumbnailUrl\":\"https:\\\/\\\/www.drebes-gmbh.de\\\/wp-content\\\/uploads\\\/drebes_seite_produktion_banner_2023_011.jpg\",\"datePublished\":\"2023-06-12T14:07:31+00:00\",\"dateModified\":\"2023-12-13T15:08:35+00:00\",\"breadcrumb\":{\"@id\":\"https:\\\/\\\/www.drebes-gmbh.de\\\/leistungen\\\/umformtechnik\\\/#breadcrumb\"},\"inLanguage\":\"en-GB\",\"potentialAction\":[{\"@type\":\"ReadAction\",\"target\":[\"https:\\\/\\\/www.drebes-gmbh.de\\\/leistungen\\\/umformtechnik\\\/\"]}]},{\"@type\":\"ImageObject\",\"inLanguage\":\"en-GB\",\"@id\":\"https:\\\/\\\/www.drebes-gmbh.de\\\/leistungen\\\/umformtechnik\\\/#primaryimage\",\"url\":\"https:\\\/\\\/www.drebes-gmbh.de\\\/wp-content\\\/uploads\\\/drebes_seite_produktion_banner_2023_011.jpg\",\"contentUrl\":\"https:\\\/\\\/www.drebes-gmbh.de\\\/wp-content\\\/uploads\\\/drebes_seite_produktion_banner_2023_011.jpg\",\"width\":2560,\"height\":641},{\"@type\":\"BreadcrumbList\",\"@id\":\"https:\\\/\\\/www.drebes-gmbh.de\\\/leistungen\\\/umformtechnik\\\/#breadcrumb\",\"itemListElement\":[{\"@type\":\"ListItem\",\"position\":1,\"name\":\"Startseite\",\"item\":\"https:\\\/\\\/www.drebes-gmbh.de\\\/\"},{\"@type\":\"ListItem\",\"position\":2,\"name\":\"Leistungen\",\"item\":\"https:\\\/\\\/www.drebes-gmbh.de\\\/leistungen\\\/\"},{\"@type\":\"ListItem\",\"position\":3,\"name\":\"Umformtechnik\"}]},{\"@type\":\"WebSite\",\"@id\":\"https:\\\/\\\/www.drebes-gmbh.de\\\/#website\",\"url\":\"https:\\\/\\\/www.drebes-gmbh.de\\\/\",\"name\":\"Drebes GmbH | Stahlrohrhandel in Korschenbroich\",\"description\":\"Pr\u00e4zisionsrohre und Trenntechnik - Rohrbearbeitung seit 1969\",\"publisher\":{\"@id\":\"https:\\\/\\\/www.drebes-gmbh.de\\\/#organization\"},\"alternateName\":\"Drebes Stahlrohrhandel\",\"potentialAction\":[{\"@type\":\"SearchAction\",\"target\":{\"@type\":\"EntryPoint\",\"urlTemplate\":\"https:\\\/\\\/www.drebes-gmbh.de\\\/?s={search_term_string}\"},\"query-input\":{\"@type\":\"PropertyValueSpecification\",\"valueRequired\":true,\"valueName\":\"search_term_string\"}}],\"inLanguage\":\"en-GB\"},{\"@type\":\"Organization\",\"@id\":\"https:\\\/\\\/www.drebes-gmbh.de\\\/#organization\",\"name\":\"Drebes GmbH\",\"alternateName\":\"Drebes Stahlrohrhandel\",\"url\":\"https:\\\/\\\/www.drebes-gmbh.de\\\/\",\"logo\":{\"@type\":\"ImageObject\",\"inLanguage\":\"en-GB\",\"@id\":\"https:\\\/\\\/www.drebes-gmbh.de\\\/#\\\/schema\\\/logo\\\/image\\\/\",\"url\":\"https:\\\/\\\/www.drebes-gmbh.de\\\/wp-content\\\/uploads\\\/drebes-logo-1200x1200_web.jpg\",\"contentUrl\":\"https:\\\/\\\/www.drebes-gmbh.de\\\/wp-content\\\/uploads\\\/drebes-logo-1200x1200_web.jpg\",\"width\":1200,\"height\":1200,\"caption\":\"Drebes GmbH\"},\"image\":{\"@id\":\"https:\\\/\\\/www.drebes-gmbh.de\\\/#\\\/schema\\\/logo\\\/image\\\/\"}}]}<\/script>\n<!-- \/ Yoast SEO plugin. -->","yoast_head_json":{"title":"Forming technology | Drebes GmbH | steel tube trade in Korschenbroich","robots":{"index":"index","follow":"follow","max-snippet":"max-snippet:-1","max-image-preview":"max-image-preview:large","max-video-preview":"max-video-preview:-1"},"canonical":"https:\/\/www.drebes-gmbh.de\/en\/services\/forming-technology\/","schema":{"@context":"https:\/\/schema.org","@graph":[{"@type":"WebPage","@id":"https:\/\/www.drebes-gmbh.de\/leistungen\/umformtechnik\/","url":"https:\/\/www.drebes-gmbh.de\/leistungen\/umformtechnik\/","name":"Forming technology | Drebes GmbH | steel tube trade in Korschenbroich","isPartOf":{"@id":"https:\/\/www.drebes-gmbh.de\/#website"},"primaryImageOfPage":{"@id":"https:\/\/www.drebes-gmbh.de\/leistungen\/umformtechnik\/#primaryimage"},"image":{"@id":"https:\/\/www.drebes-gmbh.de\/leistungen\/umformtechnik\/#primaryimage"},"thumbnailUrl":"https:\/\/www.drebes-gmbh.de\/wp-content\/uploads\/drebes_seite_produktion_banner_2023_011.jpg","datePublished":"2023-06-12T14:07:31+00:00","dateModified":"2023-12-13T15:08:35+00:00","breadcrumb":{"@id":"https:\/\/www.drebes-gmbh.de\/leistungen\/umformtechnik\/#breadcrumb"},"inLanguage":"en-GB","potentialAction":[{"@type":"ReadAction","target":["https:\/\/www.drebes-gmbh.de\/leistungen\/umformtechnik\/"]}]},{"@type":"ImageObject","inLanguage":"en-GB","@id":"https:\/\/www.drebes-gmbh.de\/leistungen\/umformtechnik\/#primaryimage","url":"https:\/\/www.drebes-gmbh.de\/wp-content\/uploads\/drebes_seite_produktion_banner_2023_011.jpg","contentUrl":"https:\/\/www.drebes-gmbh.de\/wp-content\/uploads\/drebes_seite_produktion_banner_2023_011.jpg","width":2560,"height":641},{"@type":"BreadcrumbList","@id":"https:\/\/www.drebes-gmbh.de\/leistungen\/umformtechnik\/#breadcrumb","itemListElement":[{"@type":"ListItem","position":1,"name":"Startseite","item":"https:\/\/www.drebes-gmbh.de\/"},{"@type":"ListItem","position":2,"name":"Leistungen","item":"https:\/\/www.drebes-gmbh.de\/leistungen\/"},{"@type":"ListItem","position":3,"name":"Umformtechnik"}]},{"@type":"WebSite","@id":"https:\/\/www.drebes-gmbh.de\/#website","url":"https:\/\/www.drebes-gmbh.de\/","name":"Drebes GmbH | Steel pipe trade in Korschenbroich","description":"Precision tubes and cutting technology - tube processing since 1969","publisher":{"@id":"https:\/\/www.drebes-gmbh.de\/#organization"},"alternateName":"Drebes Stahlrohrhandel","potentialAction":[{"@type":"SearchAction","target":{"@type":"EntryPoint","urlTemplate":"https:\/\/www.drebes-gmbh.de\/?s={search_term_string}"},"query-input":{"@type":"PropertyValueSpecification","valueRequired":true,"valueName":"search_term_string"}}],"inLanguage":"en-GB"},{"@type":"Organization","@id":"https:\/\/www.drebes-gmbh.de\/#organization","name":"Drebes GmbH","alternateName":"Drebes Stahlrohrhandel","url":"https:\/\/www.drebes-gmbh.de\/","logo":{"@type":"ImageObject","inLanguage":"en-GB","@id":"https:\/\/www.drebes-gmbh.de\/#\/schema\/logo\/image\/","url":"https:\/\/www.drebes-gmbh.de\/wp-content\/uploads\/drebes-logo-1200x1200_web.jpg","contentUrl":"https:\/\/www.drebes-gmbh.de\/wp-content\/uploads\/drebes-logo-1200x1200_web.jpg","width":1200,"height":1200,"caption":"Drebes GmbH"},"image":{"@id":"https:\/\/www.drebes-gmbh.de\/#\/schema\/logo\/image\/"}}]}},"_links":{"self":[{"href":"https:\/\/www.drebes-gmbh.de\/en\/wp-json\/wp\/v2\/pages\/95","targetHints":{"allow":["GET"]}}],"collection":[{"href":"https:\/\/www.drebes-gmbh.de\/en\/wp-json\/wp\/v2\/pages"}],"about":[{"href":"https:\/\/www.drebes-gmbh.de\/en\/wp-json\/wp\/v2\/types\/page"}],"author":[{"embeddable":true,"href":"https:\/\/www.drebes-gmbh.de\/en\/wp-json\/wp\/v2\/users\/1"}],"replies":[{"embeddable":true,"href":"https:\/\/www.drebes-gmbh.de\/en\/wp-json\/wp\/v2\/comments?post=95"}],"version-history":[{"count":23,"href":"https:\/\/www.drebes-gmbh.de\/en\/wp-json\/wp\/v2\/pages\/95\/revisions"}],"predecessor-version":[{"id":1248,"href":"https:\/\/www.drebes-gmbh.de\/en\/wp-json\/wp\/v2\/pages\/95\/revisions\/1248"}],"up":[{"embeddable":true,"href":"https:\/\/www.drebes-gmbh.de\/en\/wp-json\/wp\/v2\/pages\/41"}],"wp:featuredmedia":[{"embeddable":true,"href":"https:\/\/www.drebes-gmbh.de\/en\/wp-json\/wp\/v2\/media\/1110"}],"wp:attachment":[{"href":"https:\/\/www.drebes-gmbh.de\/en\/wp-json\/wp\/v2\/media?parent=95"}],"curies":[{"name":"wp","href":"https:\/\/api.w.org\/{rel}","templated":true}]}}