{"id":97,"date":"2023-06-12T14:07:54","date_gmt":"2023-06-12T14:07:54","guid":{"rendered":"https:\/\/www.drebes-gmbh.de\/?page_id=97"},"modified":"2023-09-07T11:09:39","modified_gmt":"2023-09-07T11:09:39","slug":"turning-technology","status":"publish","type":"page","link":"https:\/\/www.drebes-gmbh.de\/en\/leistungen\/drehtechnik\/","title":{"rendered":"Turning technology"},"content":{"rendered":"<div data-elementor-type=\"wp-page\" data-elementor-id=\"97\" class=\"elementor elementor-97\" data-elementor-post-type=\"page\">\n\t\t\t\t\t\t<section class=\"elementor-section elementor-top-section elementor-element elementor-element-cfea289 elementor-section-boxed elementor-section-height-default elementor-section-height-default\" data-id=\"cfea289\" data-element_type=\"section\" data-e-type=\"section\">\n\t\t\t\t\t\t<div class=\"elementor-container elementor-column-gap-default\">\n\t\t\t\t\t<div class=\"elementor-column elementor-col-50 elementor-top-column elementor-element elementor-element-a65c3d2\" data-id=\"a65c3d2\" data-element_type=\"column\" data-e-type=\"column\">\n\t\t\t<div class=\"elementor-widget-wrap elementor-element-populated\">\n\t\t\t\t\t\t<div class=\"elementor-element elementor-element-5dec16c elementor-widget elementor-widget-image\" data-id=\"5dec16c\" data-element_type=\"widget\" data-e-type=\"widget\" data-widget_type=\"image.default\">\n\t\t\t\t<div class=\"elementor-widget-container\">\n\t\t\t\t\t\t\t\t\t\t\t\t\t\t\t<img fetchpriority=\"high\" decoding=\"async\" width=\"720\" height=\"480\" src=\"https:\/\/www.drebes-gmbh.de\/wp-content\/uploads\/drebes_seite_drehtechnik_content_2023_011.jpg\" class=\"attachment-large size-large wp-image-1062\" alt=\"\" srcset=\"https:\/\/www.drebes-gmbh.de\/wp-content\/uploads\/drebes_seite_drehtechnik_content_2023_011.jpg 720w, https:\/\/www.drebes-gmbh.de\/wp-content\/uploads\/drebes_seite_drehtechnik_content_2023_011-300x200.jpg 300w\" sizes=\"(max-width: 720px) 100vw, 720px\" \/>\t\t\t\t\t\t\t\t\t\t\t\t\t\t\t<\/div>\n\t\t\t\t<\/div>\n\t\t\t\t\t<\/div>\n\t\t<\/div>\n\t\t\t\t<div class=\"elementor-column elementor-col-50 elementor-top-column elementor-element elementor-element-4c836d1\" data-id=\"4c836d1\" data-element_type=\"column\" data-e-type=\"column\">\n\t\t\t<div class=\"elementor-widget-wrap elementor-element-populated\">\n\t\t\t\t\t\t<div class=\"elementor-element elementor-element-438541c elementor-widget elementor-widget-text-editor\" data-id=\"438541c\" data-element_type=\"widget\" data-e-type=\"widget\" data-widget_type=\"text-editor.default\">\n\t\t\t\t<div class=\"elementor-widget-container\">\n\t\t\t\t\t\t\t\t\t<p>We can also draw on many years of experience in the field of turning technology.<\/p>\t\t\t\t\t\t\t\t<\/div>\n\t\t\t\t<\/div>\n\t\t\t\t<div class=\"elementor-element elementor-element-efdf96d elementor-widget elementor-widget-text-editor\" data-id=\"efdf96d\" data-element_type=\"widget\" data-e-type=\"widget\" data-widget_type=\"text-editor.default\">\n\t\t\t\t<div class=\"elementor-widget-container\">\n\t\t\t\t\t\t\t\t\t<p>From small batch sizes to series production, we find the right process. We always ensure the highest quality. From the procurement of raw materials to the finished component, including surface finishing if necessary, we cover the entire process chain with specialised partners. In addition to suppliers to the automotive industry, our customers also include companies in the renewable energy sector.<\/p>\t\t\t\t\t\t\t\t<\/div>\n\t\t\t\t<\/div>\n\t\t\t\t\t<\/div>\n\t\t<\/div>\n\t\t\t\t\t<\/div>\n\t\t<\/section>\n\t\t\t\t<section class=\"elementor-section elementor-top-section elementor-element elementor-element-7f78403 elementor-section-full_width elementor-section-stretched elementor-section-height-default elementor-section-height-default\" data-id=\"7f78403\" data-element_type=\"section\" data-e-type=\"section\" data-settings=\"{&quot;stretch_section&quot;:&quot;section-stretched&quot;}\">\n\t\t\t\t\t\t<div class=\"elementor-container elementor-column-gap-no\">\n\t\t\t\t\t<div class=\"elementor-column elementor-col-100 elementor-top-column elementor-element elementor-element-b57a46a\" data-id=\"b57a46a\" data-element_type=\"column\" data-e-type=\"column\">\n\t\t\t<div class=\"elementor-widget-wrap elementor-element-populated\">\n\t\t\t\t\t\t<div class=\"elementor-element elementor-element-baaecee elementor-widget elementor-widget-template\" data-id=\"baaecee\" data-element_type=\"widget\" data-e-type=\"widget\" data-widget_type=\"template.default\">\n\t\t\t\t<div class=\"elementor-widget-container\">\n\t\t\t\t\t\t\t<div class=\"elementor-template\">\n\t\t\t\t\t<div data-elementor-type=\"section\" data-elementor-id=\"795\" class=\"elementor elementor-795\" data-elementor-post-type=\"elementor_library\">\n\t\t\t\t\t<section class=\"elementor-section elementor-top-section elementor-element elementor-element-239f16ff elementor-section-boxed elementor-section-height-default elementor-section-height-default\" data-id=\"239f16ff\" data-element_type=\"section\" data-e-type=\"section\" data-settings=\"{&quot;background_background&quot;:&quot;classic&quot;}\">\n\t\t\t\t\t\t\t<div class=\"elementor-background-overlay\"><\/div>\n\t\t\t\t\t\t\t<div class=\"elementor-container elementor-column-gap-default\">\n\t\t\t\t\t<div class=\"elementor-column elementor-col-100 elementor-top-column elementor-element elementor-element-3656f40b\" data-id=\"3656f40b\" data-element_type=\"column\" data-e-type=\"column\">\n\t\t\t<div class=\"elementor-widget-wrap elementor-element-populated\">\n\t\t\t\t\t\t<div class=\"elementor-element elementor-element-6fd72141 elementor-widget elementor-widget-heading\" data-id=\"6fd72141\" data-element_type=\"widget\" data-e-type=\"widget\" data-widget_type=\"heading.default\">\n\t\t\t\t<div class=\"elementor-widget-container\">\n\t\t\t\t\t<h2 class=\"elementor-heading-title elementor-size-default\">\nSpecial requests for materials? <br>Please feel free to contact us. \n<\/h2>\t\t\t\t<\/div>\n\t\t\t\t<\/div>\n\t\t\t\t<div class=\"elementor-element elementor-element-3bf4827c elementor-widget elementor-widget-text-editor\" data-id=\"3bf4827c\" data-element_type=\"widget\" data-e-type=\"widget\" data-widget_type=\"text-editor.default\">\n\t\t\t\t<div class=\"elementor-widget-container\">\n\t\t\t\t\t\t\t\t\t<p>We are happy to work with you to develop a suitable solution, drawing on a wealth of experience.<br \/><br \/><\/p>\t\t\t\t\t\t\t\t<\/div>\n\t\t\t\t<\/div>\n\t\t\t\t<section class=\"elementor-section elementor-inner-section elementor-element elementor-element-1103c90e elementor-section-boxed elementor-section-height-default elementor-section-height-default\" data-id=\"1103c90e\" data-element_type=\"section\" data-e-type=\"section\">\n\t\t\t\t\t\t<div class=\"elementor-container elementor-column-gap-default\">\n\t\t\t\t\t<div class=\"elementor-column elementor-col-33 elementor-inner-column elementor-element elementor-element-5cd4da6c\" data-id=\"5cd4da6c\" data-element_type=\"column\" data-e-type=\"column\">\n\t\t\t<div class=\"elementor-widget-wrap\">\n\t\t\t\t\t\t\t<\/div>\n\t\t<\/div>\n\t\t\t\t<div class=\"elementor-column elementor-col-33 elementor-inner-column elementor-element elementor-element-6c221607\" data-id=\"6c221607\" data-element_type=\"column\" data-e-type=\"column\">\n\t\t\t<div class=\"elementor-widget-wrap elementor-element-populated\">\n\t\t\t\t\t\t<div class=\"elementor-element elementor-element-19bf79d5 elementor-align-justify elementor-widget elementor-widget-button\" data-id=\"19bf79d5\" data-element_type=\"widget\" data-e-type=\"widget\" data-widget_type=\"button.default\">\n\t\t\t\t<div class=\"elementor-widget-container\">\n\t\t\t\t\t\t\t\t\t<div class=\"elementor-button-wrapper\">\n\t\t\t\t\t<a class=\"elementor-button elementor-button-link elementor-size-xs\" href=\"https:\/\/www.drebes-gmbh.de\/en\/project-enquiry\/\">\n\t\t\t\t\t\t<span class=\"elementor-button-content-wrapper\">\n\t\t\t\t\t\t\t\t\t<span class=\"elementor-button-text\">Enquire NOW without obligation<\/span>\n\t\t\t\t\t<\/span>\n\t\t\t\t\t<\/a>\n\t\t\t\t<\/div>\n\t\t\t\t\t\t\t\t<\/div>\n\t\t\t\t<\/div>\n\t\t\t\t\t<\/div>\n\t\t<\/div>\n\t\t\t\t<div class=\"elementor-column elementor-col-33 elementor-inner-column elementor-element elementor-element-51f38fcd\" data-id=\"51f38fcd\" data-element_type=\"column\" data-e-type=\"column\">\n\t\t\t<div class=\"elementor-widget-wrap\">\n\t\t\t\t\t\t\t<\/div>\n\t\t<\/div>\n\t\t\t\t\t<\/div>\n\t\t<\/section>\n\t\t\t\t\t<\/div>\n\t\t<\/div>\n\t\t\t\t\t<\/div>\n\t\t<\/section>\n\t\t\t\t<\/div>\n\t\t\t\t<\/div>\n\t\t\t\t\t\t<\/div>\n\t\t\t\t<\/div>\n\t\t\t\t\t<\/div>\n\t\t<\/div>\n\t\t\t\t\t<\/div>\n\t\t<\/section>\n\t\t\t\t<\/div>","protected":false},"excerpt":{"rendered":"<p>Auch im Bereich Drehtechnik k\u00f6nnen wir auf langj\u00e4hrige Erfahrung zur\u00fcckgreifen. Von kleinen Losgr\u00f6\u00dfen bis zur Serienproduktion finden wir den passenden Prozess. Dabei achten wir stets auf h\u00f6chste Qualit\u00e4t. Von der Rohmaterialbeschaffung bis zum fertigen Bauteil ggf. inkl. Oberfl\u00e4chenveredelung bilden wir die gesamte Prozesskette mit spezialisierten Partnern ab. Neben Zulieferern der Automobilindustrie z\u00e4hlen auch Unternehmen der [&hellip;]<\/p>\n","protected":false},"author":1,"featured_media":1104,"parent":41,"menu_order":0,"comment_status":"closed","ping_status":"closed","template":"","meta":{"footnotes":""},"class_list":["post-97","page","type-page","status-publish","has-post-thumbnail","hentry"],"yoast_head":"<!-- This site is optimized with the Yoast SEO plugin v27.4 - https:\/\/yoast.com\/product\/yoast-seo-wordpress\/ -->\n<title>Drehtechnik | Drebes GmbH | Stahlrohrhandel in Korschenbroich<\/title>\n<meta name=\"robots\" content=\"index, follow, max-snippet:-1, max-image-preview:large, max-video-preview:-1\" \/>\n<link rel=\"canonical\" href=\"https:\/\/www.drebes-gmbh.de\/en\/services\/turning-technology\/\" \/>\n<script type=\"application\/ld+json\" class=\"yoast-schema-graph\">{\"@context\":\"https:\\\/\\\/schema.org\",\"@graph\":[{\"@type\":\"WebPage\",\"@id\":\"https:\\\/\\\/www.drebes-gmbh.de\\\/leistungen\\\/drehtechnik\\\/\",\"url\":\"https:\\\/\\\/www.drebes-gmbh.de\\\/leistungen\\\/drehtechnik\\\/\",\"name\":\"Drehtechnik | Drebes GmbH | Stahlrohrhandel in Korschenbroich\",\"isPartOf\":{\"@id\":\"https:\\\/\\\/www.drebes-gmbh.de\\\/#website\"},\"primaryImageOfPage\":{\"@id\":\"https:\\\/\\\/www.drebes-gmbh.de\\\/leistungen\\\/drehtechnik\\\/#primaryimage\"},\"image\":{\"@id\":\"https:\\\/\\\/www.drebes-gmbh.de\\\/leistungen\\\/drehtechnik\\\/#primaryimage\"},\"thumbnailUrl\":\"https:\\\/\\\/www.drebes-gmbh.de\\\/wp-content\\\/uploads\\\/drebes_seite_drehtechnik_banner_2023_011.jpg\",\"datePublished\":\"2023-06-12T14:07:54+00:00\",\"dateModified\":\"2023-09-07T11:09:39+00:00\",\"breadcrumb\":{\"@id\":\"https:\\\/\\\/www.drebes-gmbh.de\\\/leistungen\\\/drehtechnik\\\/#breadcrumb\"},\"inLanguage\":\"en-GB\",\"potentialAction\":[{\"@type\":\"ReadAction\",\"target\":[\"https:\\\/\\\/www.drebes-gmbh.de\\\/leistungen\\\/drehtechnik\\\/\"]}]},{\"@type\":\"ImageObject\",\"inLanguage\":\"en-GB\",\"@id\":\"https:\\\/\\\/www.drebes-gmbh.de\\\/leistungen\\\/drehtechnik\\\/#primaryimage\",\"url\":\"https:\\\/\\\/www.drebes-gmbh.de\\\/wp-content\\\/uploads\\\/drebes_seite_drehtechnik_banner_2023_011.jpg\",\"contentUrl\":\"https:\\\/\\\/www.drebes-gmbh.de\\\/wp-content\\\/uploads\\\/drebes_seite_drehtechnik_banner_2023_011.jpg\",\"width\":2560,\"height\":640,\"caption\":\"The CNC lathe machine cutting the thread at the end of the pipe.The water pipe manufacturing process.\"},{\"@type\":\"BreadcrumbList\",\"@id\":\"https:\\\/\\\/www.drebes-gmbh.de\\\/leistungen\\\/drehtechnik\\\/#breadcrumb\",\"itemListElement\":[{\"@type\":\"ListItem\",\"position\":1,\"name\":\"Startseite\",\"item\":\"https:\\\/\\\/www.drebes-gmbh.de\\\/\"},{\"@type\":\"ListItem\",\"position\":2,\"name\":\"Leistungen\",\"item\":\"https:\\\/\\\/www.drebes-gmbh.de\\\/leistungen\\\/\"},{\"@type\":\"ListItem\",\"position\":3,\"name\":\"Drehtechnik\"}]},{\"@type\":\"WebSite\",\"@id\":\"https:\\\/\\\/www.drebes-gmbh.de\\\/#website\",\"url\":\"https:\\\/\\\/www.drebes-gmbh.de\\\/\",\"name\":\"Drebes GmbH | Stahlrohrhandel in Korschenbroich\",\"description\":\"Pr\u00e4zisionsrohre und Trenntechnik - Rohrbearbeitung seit 1969\",\"publisher\":{\"@id\":\"https:\\\/\\\/www.drebes-gmbh.de\\\/#organization\"},\"alternateName\":\"Drebes Stahlrohrhandel\",\"potentialAction\":[{\"@type\":\"SearchAction\",\"target\":{\"@type\":\"EntryPoint\",\"urlTemplate\":\"https:\\\/\\\/www.drebes-gmbh.de\\\/?s={search_term_string}\"},\"query-input\":{\"@type\":\"PropertyValueSpecification\",\"valueRequired\":true,\"valueName\":\"search_term_string\"}}],\"inLanguage\":\"en-GB\"},{\"@type\":\"Organization\",\"@id\":\"https:\\\/\\\/www.drebes-gmbh.de\\\/#organization\",\"name\":\"Drebes GmbH\",\"alternateName\":\"Drebes Stahlrohrhandel\",\"url\":\"https:\\\/\\\/www.drebes-gmbh.de\\\/\",\"logo\":{\"@type\":\"ImageObject\",\"inLanguage\":\"en-GB\",\"@id\":\"https:\\\/\\\/www.drebes-gmbh.de\\\/#\\\/schema\\\/logo\\\/image\\\/\",\"url\":\"https:\\\/\\\/www.drebes-gmbh.de\\\/wp-content\\\/uploads\\\/drebes-logo-1200x1200_web.jpg\",\"contentUrl\":\"https:\\\/\\\/www.drebes-gmbh.de\\\/wp-content\\\/uploads\\\/drebes-logo-1200x1200_web.jpg\",\"width\":1200,\"height\":1200,\"caption\":\"Drebes GmbH\"},\"image\":{\"@id\":\"https:\\\/\\\/www.drebes-gmbh.de\\\/#\\\/schema\\\/logo\\\/image\\\/\"}}]}<\/script>\n<!-- \/ Yoast SEO plugin. -->","yoast_head_json":{"title":"Turning technology | Drebes GmbH | Steel tube trade in Korschenbroich","robots":{"index":"index","follow":"follow","max-snippet":"max-snippet:-1","max-image-preview":"max-image-preview:large","max-video-preview":"max-video-preview:-1"},"canonical":"https:\/\/www.drebes-gmbh.de\/en\/services\/turning-technology\/","schema":{"@context":"https:\/\/schema.org","@graph":[{"@type":"WebPage","@id":"https:\/\/www.drebes-gmbh.de\/leistungen\/drehtechnik\/","url":"https:\/\/www.drebes-gmbh.de\/leistungen\/drehtechnik\/","name":"Turning technology | Drebes GmbH | Steel tube trade in Korschenbroich","isPartOf":{"@id":"https:\/\/www.drebes-gmbh.de\/#website"},"primaryImageOfPage":{"@id":"https:\/\/www.drebes-gmbh.de\/leistungen\/drehtechnik\/#primaryimage"},"image":{"@id":"https:\/\/www.drebes-gmbh.de\/leistungen\/drehtechnik\/#primaryimage"},"thumbnailUrl":"https:\/\/www.drebes-gmbh.de\/wp-content\/uploads\/drebes_seite_drehtechnik_banner_2023_011.jpg","datePublished":"2023-06-12T14:07:54+00:00","dateModified":"2023-09-07T11:09:39+00:00","breadcrumb":{"@id":"https:\/\/www.drebes-gmbh.de\/leistungen\/drehtechnik\/#breadcrumb"},"inLanguage":"en-GB","potentialAction":[{"@type":"ReadAction","target":["https:\/\/www.drebes-gmbh.de\/leistungen\/drehtechnik\/"]}]},{"@type":"ImageObject","inLanguage":"en-GB","@id":"https:\/\/www.drebes-gmbh.de\/leistungen\/drehtechnik\/#primaryimage","url":"https:\/\/www.drebes-gmbh.de\/wp-content\/uploads\/drebes_seite_drehtechnik_banner_2023_011.jpg","contentUrl":"https:\/\/www.drebes-gmbh.de\/wp-content\/uploads\/drebes_seite_drehtechnik_banner_2023_011.jpg","width":2560,"height":640,"caption":"The CNC lathe machine cutting the thread at the end of the pipe.The water pipe manufacturing process."},{"@type":"BreadcrumbList","@id":"https:\/\/www.drebes-gmbh.de\/leistungen\/drehtechnik\/#breadcrumb","itemListElement":[{"@type":"ListItem","position":1,"name":"Startseite","item":"https:\/\/www.drebes-gmbh.de\/"},{"@type":"ListItem","position":2,"name":"Leistungen","item":"https:\/\/www.drebes-gmbh.de\/leistungen\/"},{"@type":"ListItem","position":3,"name":"Drehtechnik"}]},{"@type":"WebSite","@id":"https:\/\/www.drebes-gmbh.de\/#website","url":"https:\/\/www.drebes-gmbh.de\/","name":"Drebes GmbH | Steel pipe trade in Korschenbroich","description":"Precision tubes and cutting technology - tube processing since 1969","publisher":{"@id":"https:\/\/www.drebes-gmbh.de\/#organization"},"alternateName":"Drebes Stahlrohrhandel","potentialAction":[{"@type":"SearchAction","target":{"@type":"EntryPoint","urlTemplate":"https:\/\/www.drebes-gmbh.de\/?s={search_term_string}"},"query-input":{"@type":"PropertyValueSpecification","valueRequired":true,"valueName":"search_term_string"}}],"inLanguage":"en-GB"},{"@type":"Organization","@id":"https:\/\/www.drebes-gmbh.de\/#organization","name":"Drebes GmbH","alternateName":"Drebes Stahlrohrhandel","url":"https:\/\/www.drebes-gmbh.de\/","logo":{"@type":"ImageObject","inLanguage":"en-GB","@id":"https:\/\/www.drebes-gmbh.de\/#\/schema\/logo\/image\/","url":"https:\/\/www.drebes-gmbh.de\/wp-content\/uploads\/drebes-logo-1200x1200_web.jpg","contentUrl":"https:\/\/www.drebes-gmbh.de\/wp-content\/uploads\/drebes-logo-1200x1200_web.jpg","width":1200,"height":1200,"caption":"Drebes GmbH"},"image":{"@id":"https:\/\/www.drebes-gmbh.de\/#\/schema\/logo\/image\/"}}]}},"_links":{"self":[{"href":"https:\/\/www.drebes-gmbh.de\/en\/wp-json\/wp\/v2\/pages\/97","targetHints":{"allow":["GET"]}}],"collection":[{"href":"https:\/\/www.drebes-gmbh.de\/en\/wp-json\/wp\/v2\/pages"}],"about":[{"href":"https:\/\/www.drebes-gmbh.de\/en\/wp-json\/wp\/v2\/types\/page"}],"author":[{"embeddable":true,"href":"https:\/\/www.drebes-gmbh.de\/en\/wp-json\/wp\/v2\/users\/1"}],"replies":[{"embeddable":true,"href":"https:\/\/www.drebes-gmbh.de\/en\/wp-json\/wp\/v2\/comments?post=97"}],"version-history":[{"count":11,"href":"https:\/\/www.drebes-gmbh.de\/en\/wp-json\/wp\/v2\/pages\/97\/revisions"}],"predecessor-version":[{"id":1105,"href":"https:\/\/www.drebes-gmbh.de\/en\/wp-json\/wp\/v2\/pages\/97\/revisions\/1105"}],"up":[{"embeddable":true,"href":"https:\/\/www.drebes-gmbh.de\/en\/wp-json\/wp\/v2\/pages\/41"}],"wp:featuredmedia":[{"embeddable":true,"href":"https:\/\/www.drebes-gmbh.de\/en\/wp-json\/wp\/v2\/media\/1104"}],"wp:attachment":[{"href":"https:\/\/www.drebes-gmbh.de\/en\/wp-json\/wp\/v2\/media?parent=97"}],"curies":[{"name":"wp","href":"https:\/\/api.w.org\/{rel}","templated":true}]}}