{"id":99,"date":"2023-06-12T14:08:08","date_gmt":"2023-06-12T14:08:08","guid":{"rendered":"https:\/\/www.drebes-gmbh.de\/?page_id=99"},"modified":"2023-12-14T09:31:11","modified_gmt":"2023-12-14T09:31:11","slug":"branches","status":"publish","type":"page","link":"https:\/\/www.drebes-gmbh.de\/en\/branchen\/","title":{"rendered":"Optimised solutions for your industry"},"content":{"rendered":"<div data-elementor-type=\"wp-page\" data-elementor-id=\"99\" class=\"elementor elementor-99\" data-elementor-post-type=\"page\">\n\t\t\t\t\t\t<section class=\"elementor-section elementor-top-section elementor-element elementor-element-cfea289 elementor-section-boxed elementor-section-height-default elementor-section-height-default\" data-id=\"cfea289\" data-element_type=\"section\" data-e-type=\"section\">\n\t\t\t\t\t\t<div class=\"elementor-container elementor-column-gap-default\">\n\t\t\t\t\t<div class=\"elementor-column elementor-col-100 elementor-top-column elementor-element elementor-element-a65c3d2\" data-id=\"a65c3d2\" data-element_type=\"column\" data-e-type=\"column\">\n\t\t\t<div class=\"elementor-widget-wrap elementor-element-populated\">\n\t\t\t\t\t\t<div class=\"elementor-element elementor-element-438541c elementor-widget elementor-widget-text-editor\" data-id=\"438541c\" data-element_type=\"widget\" data-e-type=\"widget\" data-widget_type=\"text-editor.default\">\n\t\t\t\t<div class=\"elementor-widget-container\">\n\t\t\t\t\t\t\t\t\t<p>We have been working with and for a wide range of industries for over 50 years. Thanks to our product range, we are able to procure and process precision tubes for all conceivable applications, regardless of their intended use. To date, we have mainly worked for customers in the following industries:<\/p>\t\t\t\t\t\t\t\t<\/div>\n\t\t\t\t<\/div>\n\t\t\t\t\t<\/div>\n\t\t<\/div>\n\t\t\t\t\t<\/div>\n\t\t<\/section>\n\t\t\t\t<section class=\"elementor-section elementor-top-section elementor-element elementor-element-4465d90 elementor-section-full_width elementor-section-stretched elementor-section-height-default elementor-section-height-default\" data-id=\"4465d90\" data-element_type=\"section\" data-e-type=\"section\" data-settings=\"{&quot;stretch_section&quot;:&quot;section-stretched&quot;}\">\n\t\t\t\t\t\t<div class=\"elementor-container elementor-column-gap-default\">\n\t\t\t\t\t<div class=\"elementor-column elementor-col-100 elementor-top-column elementor-element elementor-element-011b0d2\" data-id=\"011b0d2\" data-element_type=\"column\" data-e-type=\"column\">\n\t\t\t<div class=\"elementor-widget-wrap elementor-element-populated\">\n\t\t\t\t\t\t<section class=\"elementor-section elementor-inner-section elementor-element elementor-element-9412911 elementor-section-full_width elementor-section-height-default elementor-section-height-default\" data-id=\"9412911\" data-element_type=\"section\" data-e-type=\"section\">\n\t\t\t\t\t\t<div class=\"elementor-container elementor-column-gap-default\">\n\t\t\t\t\t<div class=\"elementor-column elementor-col-25 elementor-inner-column elementor-element elementor-element-3cbaa94\" data-id=\"3cbaa94\" data-element_type=\"column\" data-e-type=\"column\">\n\t\t\t<div class=\"elementor-widget-wrap elementor-element-populated\">\n\t\t\t\t\t\t<div class=\"elementor-element elementor-element-0826630 elementor-widget elementor-widget-image\" data-id=\"0826630\" data-element_type=\"widget\" data-e-type=\"widget\" data-widget_type=\"image.default\">\n\t\t\t\t<div class=\"elementor-widget-container\">\n\t\t\t\t\t\t\t\t\t\t\t\t\t\t\t<img decoding=\"async\" src=\"https:\/\/www.drebes-gmbh.de\/wp-content\/uploads\/elementor\/thumbs\/drebes-branchen_09-qgsk4g7qtr088orbordfkmc3j4c6u65gejp1etmcyo.jpg\" title=\"drebes-industries_09\" alt=\"drebes-industries_09\" loading=\"lazy\" \/>\t\t\t\t\t\t\t\t\t\t\t\t\t\t\t<\/div>\n\t\t\t\t<\/div>\n\t\t\t\t\t<\/div>\n\t\t<\/div>\n\t\t\t\t<div class=\"elementor-column elementor-col-25 elementor-inner-column elementor-element elementor-element-85b0266\" data-id=\"85b0266\" data-element_type=\"column\" data-e-type=\"column\" data-settings=\"{&quot;background_background&quot;:&quot;classic&quot;}\">\n\t\t\t<div class=\"elementor-widget-wrap elementor-element-populated\">\n\t\t\t\t\t\t<div class=\"elementor-element elementor-element-238b2e1 elementor-widget elementor-widget-heading\" data-id=\"238b2e1\" data-element_type=\"widget\" data-e-type=\"widget\" data-widget_type=\"heading.default\">\n\t\t\t\t<div class=\"elementor-widget-container\">\n\t\t\t\t\t<h2 class=\"elementor-heading-title elementor-size-default\">AUTOMOBILE<\/h2>\t\t\t\t<\/div>\n\t\t\t\t<\/div>\n\t\t\t\t<div class=\"elementor-element elementor-element-b469624 elementor-widget elementor-widget-text-editor\" data-id=\"b469624\" data-element_type=\"widget\" data-e-type=\"widget\" data-widget_type=\"text-editor.default\">\n\t\t\t\t<div class=\"elementor-widget-container\">\n\t\t\t\t\t\t\t\t\t<p>The highest quality standards and the lowest tolerances: This is what characterises the requirements of our customers in the automotive industry. We are proud that we have been able to count renowned companies among our customers for many years.<\/p>\t\t\t\t\t\t\t\t<\/div>\n\t\t\t\t<\/div>\n\t\t\t\t\t<\/div>\n\t\t<\/div>\n\t\t\t\t<div class=\"elementor-column elementor-col-25 elementor-inner-column elementor-element elementor-element-7cb4141\" data-id=\"7cb4141\" data-element_type=\"column\" data-e-type=\"column\">\n\t\t\t<div class=\"elementor-widget-wrap elementor-element-populated\">\n\t\t\t\t\t\t<div class=\"elementor-element elementor-element-49aa1d1 elementor-widget elementor-widget-image\" data-id=\"49aa1d1\" data-element_type=\"widget\" data-e-type=\"widget\" data-widget_type=\"image.default\">\n\t\t\t\t<div class=\"elementor-widget-container\">\n\t\t\t\t\t\t\t\t\t\t\t\t\t\t\t<img decoding=\"async\" src=\"https:\/\/www.drebes-gmbh.de\/wp-content\/uploads\/elementor\/thumbs\/drebes-branchen_01-qgsjj65a3rvjeho2y28hmhnfe381kuo7t80bab67ts.jpg\" title=\"drebes-industries_01\" alt=\"drebes-industries_01\" loading=\"lazy\" \/>\t\t\t\t\t\t\t\t\t\t\t\t\t\t\t<\/div>\n\t\t\t\t<\/div>\n\t\t\t\t\t<\/div>\n\t\t<\/div>\n\t\t\t\t<div class=\"elementor-column elementor-col-25 elementor-inner-column elementor-element elementor-element-0d0e9e2\" data-id=\"0d0e9e2\" data-element_type=\"column\" data-e-type=\"column\" data-settings=\"{&quot;background_background&quot;:&quot;classic&quot;}\">\n\t\t\t<div class=\"elementor-widget-wrap elementor-element-populated\">\n\t\t\t\t\t\t<div class=\"elementor-element elementor-element-50302c1 elementor-widget elementor-widget-heading\" data-id=\"50302c1\" data-element_type=\"widget\" data-e-type=\"widget\" data-widget_type=\"heading.default\">\n\t\t\t\t<div class=\"elementor-widget-container\">\n\t\t\t\t\t<h2 class=\"elementor-heading-title elementor-size-default\">CONSTRUCTION INDUSTRY<\/h2>\t\t\t\t<\/div>\n\t\t\t\t<\/div>\n\t\t\t\t<div class=\"elementor-element elementor-element-618fe24 elementor-widget elementor-widget-text-editor\" data-id=\"618fe24\" data-element_type=\"widget\" data-e-type=\"widget\" data-widget_type=\"text-editor.default\">\n\t\t\t\t<div class=\"elementor-widget-container\">\n\t\t\t\t\t\t\t\t\t<p>The requirements of the construction industry are particularly demanding. We know what is important and have been supplying large companies in the construction industry for decades.<\/p>\t\t\t\t\t\t\t\t<\/div>\n\t\t\t\t<\/div>\n\t\t\t\t\t<\/div>\n\t\t<\/div>\n\t\t\t\t\t<\/div>\n\t\t<\/section>\n\t\t\t\t<section class=\"elementor-section elementor-inner-section elementor-element elementor-element-46839e3 elementor-section-full_width elementor-section-height-default elementor-section-height-default\" data-id=\"46839e3\" data-element_type=\"section\" data-e-type=\"section\">\n\t\t\t\t\t\t<div class=\"elementor-container elementor-column-gap-default\">\n\t\t\t\t\t<div class=\"elementor-column elementor-col-25 elementor-inner-column elementor-element elementor-element-0146ee4\" data-id=\"0146ee4\" data-element_type=\"column\" data-e-type=\"column\" data-settings=\"{&quot;background_background&quot;:&quot;classic&quot;}\">\n\t\t\t<div class=\"elementor-widget-wrap elementor-element-populated\">\n\t\t\t\t\t\t<div class=\"elementor-element elementor-element-b20d3d8 elementor-widget elementor-widget-heading\" data-id=\"b20d3d8\" data-element_type=\"widget\" data-e-type=\"widget\" data-widget_type=\"heading.default\">\n\t\t\t\t<div class=\"elementor-widget-container\">\n\t\t\t\t\t<h2 class=\"elementor-heading-title elementor-size-default\">Furniture industry<\/h2>\t\t\t\t<\/div>\n\t\t\t\t<\/div>\n\t\t\t\t<div class=\"elementor-element elementor-element-29226ab elementor-widget elementor-widget-text-editor\" data-id=\"29226ab\" data-element_type=\"widget\" data-e-type=\"widget\" data-widget_type=\"text-editor.default\">\n\t\t\t\t<div class=\"elementor-widget-container\">\n\t\t\t\t\t\t\t\t\t<p>We have been supplying large companies in the furniture industry with series parts for several decades. This industry has been an integral part of our customer base for so long that we would almost bet that every household in Germany owns a Drebes pipe.<\/p>\t\t\t\t\t\t\t\t<\/div>\n\t\t\t\t<\/div>\n\t\t\t\t\t<\/div>\n\t\t<\/div>\n\t\t\t\t<div class=\"elementor-column elementor-col-25 elementor-inner-column elementor-element elementor-element-ea6ce95\" data-id=\"ea6ce95\" data-element_type=\"column\" data-e-type=\"column\">\n\t\t\t<div class=\"elementor-widget-wrap elementor-element-populated\">\n\t\t\t\t\t\t<div class=\"elementor-element elementor-element-7892be4 elementor-widget elementor-widget-image\" data-id=\"7892be4\" data-element_type=\"widget\" data-e-type=\"widget\" data-widget_type=\"image.default\">\n\t\t\t\t<div class=\"elementor-widget-container\">\n\t\t\t\t\t\t\t\t\t\t\t\t\t\t\t<img decoding=\"async\" src=\"https:\/\/www.drebes-gmbh.de\/wp-content\/uploads\/elementor\/thumbs\/drebes-branchen_08-qgsk1g4azsw95j4c7ync3vm37t4z8z8bnoo7802mu8.jpg\" title=\"drebes-industries_08\" alt=\"drebes-industries_08\" loading=\"lazy\" \/>\t\t\t\t\t\t\t\t\t\t\t\t\t\t\t<\/div>\n\t\t\t\t<\/div>\n\t\t\t\t\t<\/div>\n\t\t<\/div>\n\t\t\t\t<div class=\"elementor-column elementor-col-25 elementor-inner-column elementor-element elementor-element-c3b1745\" data-id=\"c3b1745\" data-element_type=\"column\" data-e-type=\"column\" data-settings=\"{&quot;background_background&quot;:&quot;classic&quot;}\">\n\t\t\t<div class=\"elementor-widget-wrap elementor-element-populated\">\n\t\t\t\t\t\t<div class=\"elementor-element elementor-element-efe211c elementor-widget elementor-widget-heading\" data-id=\"efe211c\" data-element_type=\"widget\" data-e-type=\"widget\" data-widget_type=\"heading.default\">\n\t\t\t\t<div class=\"elementor-widget-container\">\n\t\t\t\t\t<h2 class=\"elementor-heading-title elementor-size-default\">Leisure industry<\/h2>\t\t\t\t<\/div>\n\t\t\t\t<\/div>\n\t\t\t\t<div class=\"elementor-element elementor-element-aaf5ff8 elementor-widget elementor-widget-text-editor\" data-id=\"aaf5ff8\" data-element_type=\"widget\" data-e-type=\"widget\" data-widget_type=\"text-editor.default\">\n\t\t\t\t<div class=\"elementor-widget-container\">\n\t\t\t\t\t\t\t\t\t<p>We have also been successfully supplying the wide range of applications for tubes and open profiles in the leisure industry for many years with small series and series parts in large quantities.<\/p>\t\t\t\t\t\t\t\t<\/div>\n\t\t\t\t<\/div>\n\t\t\t\t\t<\/div>\n\t\t<\/div>\n\t\t\t\t<div class=\"elementor-column elementor-col-25 elementor-inner-column elementor-element elementor-element-1a79ee6\" data-id=\"1a79ee6\" data-element_type=\"column\" data-e-type=\"column\">\n\t\t\t<div class=\"elementor-widget-wrap elementor-element-populated\">\n\t\t\t\t\t\t<div class=\"elementor-element elementor-element-769041c elementor-widget__width-initial elementor-widget elementor-widget-image\" data-id=\"769041c\" data-element_type=\"widget\" data-e-type=\"widget\" data-widget_type=\"image.default\">\n\t\t\t\t<div class=\"elementor-widget-container\">\n\t\t\t\t\t\t\t\t\t\t\t\t\t\t\t<img decoding=\"async\" src=\"https:\/\/www.drebes-gmbh.de\/wp-content\/uploads\/elementor\/thumbs\/drebes-branchen_06-qgsk1f6e4hitab7hnuc4w0e8ca00zf20dlxc7n24y0.jpg\" title=\"drebes-industries_06\" alt=\"drebes-industries_06\" loading=\"lazy\" \/>\t\t\t\t\t\t\t\t\t\t\t\t\t\t\t<\/div>\n\t\t\t\t<\/div>\n\t\t\t\t<div class=\"elementor-element elementor-element-095b289 elementor-widget__width-initial elementor-widget elementor-widget-image\" data-id=\"095b289\" data-element_type=\"widget\" data-e-type=\"widget\" data-widget_type=\"image.default\">\n\t\t\t\t<div class=\"elementor-widget-container\">\n\t\t\t\t\t\t\t\t\t\t\t\t\t\t\t<img decoding=\"async\" src=\"https:\/\/www.drebes-gmbh.de\/wp-content\/uploads\/elementor\/thumbs\/drebes-branchen_05-qgsk1f6e4hitab7hnuc4w0e8ca00zf20dlxc7n24y0.jpg\" title=\"drebes-industries_05\" alt=\"drebes-industries_05\" loading=\"lazy\" \/>\t\t\t\t\t\t\t\t\t\t\t\t\t\t\t<\/div>\n\t\t\t\t<\/div>\n\t\t\t\t<div class=\"elementor-element elementor-element-df2c5e4 elementor-widget__width-initial elementor-widget elementor-widget-image\" data-id=\"df2c5e4\" data-element_type=\"widget\" data-e-type=\"widget\" data-widget_type=\"image.default\">\n\t\t\t\t<div class=\"elementor-widget-container\">\n\t\t\t\t\t\t\t\t\t\t\t\t\t\t\t<img decoding=\"async\" src=\"https:\/\/www.drebes-gmbh.de\/wp-content\/uploads\/elementor\/thumbs\/drebes-branchen_02-qgsjj57d8gi3j9r8dxxaemfkik33bahwj59g9y5pxk.jpg\" title=\"drebes-industries_02\" alt=\"drebes-industries_02\" loading=\"lazy\" \/>\t\t\t\t\t\t\t\t\t\t\t\t\t\t\t<\/div>\n\t\t\t\t<\/div>\n\t\t\t\t<div class=\"elementor-element elementor-element-ce858c3 elementor-widget__width-initial elementor-widget elementor-widget-image\" data-id=\"ce858c3\" data-element_type=\"widget\" data-e-type=\"widget\" data-widget_type=\"image.default\">\n\t\t\t\t<div class=\"elementor-widget-container\">\n\t\t\t\t\t\t\t\t\t\t\t\t\t\t\t<img decoding=\"async\" src=\"https:\/\/www.drebes-gmbh.de\/wp-content\/uploads\/elementor\/thumbs\/drebes-branchen_07-qgsk1e8jxnhiyp8utbxibimrqw4nrpya1h9uqd3j48.jpg\" title=\"drebes-industries_07\" alt=\"drebes-industries_07\" loading=\"lazy\" \/>\t\t\t\t\t\t\t\t\t\t\t\t\t\t\t<\/div>\n\t\t\t\t<\/div>\n\t\t\t\t\t<\/div>\n\t\t<\/div>\n\t\t\t\t\t<\/div>\n\t\t<\/section>\n\t\t\t\t\t<\/div>\n\t\t<\/div>\n\t\t\t\t\t<\/div>\n\t\t<\/section>\n\t\t\t\t<section class=\"elementor-section elementor-top-section elementor-element elementor-element-aa4e1a2 elementor-section-full_width elementor-section-stretched elementor-section-height-default elementor-section-height-default\" data-id=\"aa4e1a2\" data-element_type=\"section\" data-e-type=\"section\" data-settings=\"{&quot;stretch_section&quot;:&quot;section-stretched&quot;}\">\n\t\t\t\t\t\t<div class=\"elementor-container elementor-column-gap-no\">\n\t\t\t\t\t<div class=\"elementor-column elementor-col-100 elementor-top-column elementor-element elementor-element-bc16c10\" data-id=\"bc16c10\" data-element_type=\"column\" data-e-type=\"column\">\n\t\t\t<div class=\"elementor-widget-wrap elementor-element-populated\">\n\t\t\t\t\t\t<div class=\"elementor-element elementor-element-ae5c0e4 elementor-widget elementor-widget-template\" data-id=\"ae5c0e4\" data-element_type=\"widget\" data-e-type=\"widget\" data-widget_type=\"template.default\">\n\t\t\t\t<div class=\"elementor-widget-container\">\n\t\t\t\t\t\t\t<div class=\"elementor-template\">\n\t\t\t\t\t<div data-elementor-type=\"section\" data-elementor-id=\"795\" class=\"elementor elementor-795\" data-elementor-post-type=\"elementor_library\">\n\t\t\t\t\t<section class=\"elementor-section elementor-top-section elementor-element elementor-element-239f16ff elementor-section-boxed elementor-section-height-default elementor-section-height-default\" data-id=\"239f16ff\" data-element_type=\"section\" data-e-type=\"section\" data-settings=\"{&quot;background_background&quot;:&quot;classic&quot;}\">\n\t\t\t\t\t\t\t<div class=\"elementor-background-overlay\"><\/div>\n\t\t\t\t\t\t\t<div class=\"elementor-container elementor-column-gap-default\">\n\t\t\t\t\t<div class=\"elementor-column elementor-col-100 elementor-top-column elementor-element elementor-element-3656f40b\" data-id=\"3656f40b\" data-element_type=\"column\" data-e-type=\"column\">\n\t\t\t<div class=\"elementor-widget-wrap elementor-element-populated\">\n\t\t\t\t\t\t<div class=\"elementor-element elementor-element-6fd72141 elementor-widget elementor-widget-heading\" data-id=\"6fd72141\" data-element_type=\"widget\" data-e-type=\"widget\" data-widget_type=\"heading.default\">\n\t\t\t\t<div class=\"elementor-widget-container\">\n\t\t\t\t\t<h2 class=\"elementor-heading-title elementor-size-default\">\nSpecial requests for materials? <br>Please feel free to contact us. \n<\/h2>\t\t\t\t<\/div>\n\t\t\t\t<\/div>\n\t\t\t\t<div class=\"elementor-element elementor-element-3bf4827c elementor-widget elementor-widget-text-editor\" data-id=\"3bf4827c\" data-element_type=\"widget\" data-e-type=\"widget\" data-widget_type=\"text-editor.default\">\n\t\t\t\t<div class=\"elementor-widget-container\">\n\t\t\t\t\t\t\t\t\t<p>We are happy to work with you to develop a suitable solution, drawing on a wealth of experience.<br \/><br \/><\/p>\t\t\t\t\t\t\t\t<\/div>\n\t\t\t\t<\/div>\n\t\t\t\t<section class=\"elementor-section elementor-inner-section elementor-element elementor-element-1103c90e elementor-section-boxed elementor-section-height-default elementor-section-height-default\" data-id=\"1103c90e\" data-element_type=\"section\" data-e-type=\"section\">\n\t\t\t\t\t\t<div class=\"elementor-container elementor-column-gap-default\">\n\t\t\t\t\t<div class=\"elementor-column elementor-col-33 elementor-inner-column elementor-element elementor-element-5cd4da6c\" data-id=\"5cd4da6c\" data-element_type=\"column\" data-e-type=\"column\">\n\t\t\t<div class=\"elementor-widget-wrap\">\n\t\t\t\t\t\t\t<\/div>\n\t\t<\/div>\n\t\t\t\t<div class=\"elementor-column elementor-col-33 elementor-inner-column elementor-element elementor-element-6c221607\" data-id=\"6c221607\" data-element_type=\"column\" data-e-type=\"column\">\n\t\t\t<div class=\"elementor-widget-wrap elementor-element-populated\">\n\t\t\t\t\t\t<div class=\"elementor-element elementor-element-19bf79d5 elementor-align-justify elementor-widget elementor-widget-button\" data-id=\"19bf79d5\" data-element_type=\"widget\" data-e-type=\"widget\" data-widget_type=\"button.default\">\n\t\t\t\t<div class=\"elementor-widget-container\">\n\t\t\t\t\t\t\t\t\t<div class=\"elementor-button-wrapper\">\n\t\t\t\t\t<a class=\"elementor-button elementor-button-link elementor-size-xs\" href=\"https:\/\/www.drebes-gmbh.de\/en\/project-enquiry\/\">\n\t\t\t\t\t\t<span class=\"elementor-button-content-wrapper\">\n\t\t\t\t\t\t\t\t\t<span class=\"elementor-button-text\">Enquire NOW without obligation<\/span>\n\t\t\t\t\t<\/span>\n\t\t\t\t\t<\/a>\n\t\t\t\t<\/div>\n\t\t\t\t\t\t\t\t<\/div>\n\t\t\t\t<\/div>\n\t\t\t\t\t<\/div>\n\t\t<\/div>\n\t\t\t\t<div class=\"elementor-column elementor-col-33 elementor-inner-column elementor-element elementor-element-51f38fcd\" data-id=\"51f38fcd\" data-element_type=\"column\" data-e-type=\"column\">\n\t\t\t<div class=\"elementor-widget-wrap\">\n\t\t\t\t\t\t\t<\/div>\n\t\t<\/div>\n\t\t\t\t\t<\/div>\n\t\t<\/section>\n\t\t\t\t\t<\/div>\n\t\t<\/div>\n\t\t\t\t\t<\/div>\n\t\t<\/section>\n\t\t\t\t<\/div>\n\t\t\t\t<\/div>\n\t\t\t\t\t\t<\/div>\n\t\t\t\t<\/div>\n\t\t\t\t\t<\/div>\n\t\t<\/div>\n\t\t\t\t\t<\/div>\n\t\t<\/section>\n\t\t\t\t<\/div>","protected":false},"excerpt":{"rendered":"<p>Seit \u00fcber 50 Jahren arbeiten wir mit und f\u00fcr unterschiedlichste Branchen. Grunds\u00e4tzlich sind wir dank unserer Produktpalette in der Lage f\u00fcr alle denkbaren Eins\u00e4tze Pr\u00e4zisionsrohre zu beschaffen und zu bearbeiten, unabh\u00e4ngig von deren Einsatzzweck. Bisher arbeiten wir haupts\u00e4chlich f\u00fcr Kunden der folgenden Branchen: AUTOMOBIL H\u00f6chste Qualit\u00e4tsanspr\u00fcche und geringste Toleranzen: Das zeichnet die Anforderungen unserer Kunden [&hellip;]<\/p>\n","protected":false},"author":1,"featured_media":1313,"parent":0,"menu_order":0,"comment_status":"closed","ping_status":"closed","template":"","meta":{"footnotes":""},"class_list":["post-99","page","type-page","status-publish","has-post-thumbnail","hentry"],"yoast_head":"<!-- This site is optimized with the Yoast SEO plugin v27.2 - https:\/\/yoast.com\/product\/yoast-seo-wordpress\/ -->\n<title>Optimale L\u00f6sungen f\u00fcr Ihre Branche | Drebes GmbH | Stahlrohrhandel in Korschenbroich<\/title>\n<meta name=\"robots\" content=\"index, follow, max-snippet:-1, max-image-preview:large, max-video-preview:-1\" \/>\n<link rel=\"canonical\" href=\"https:\/\/www.drebes-gmbh.de\/en\/branches\/\" \/>\n<script type=\"application\/ld+json\" class=\"yoast-schema-graph\">{\"@context\":\"https:\/\/schema.org\",\"@graph\":[{\"@type\":\"WebPage\",\"@id\":\"https:\/\/www.drebes-gmbh.de\/branchen\/\",\"url\":\"https:\/\/www.drebes-gmbh.de\/branchen\/\",\"name\":\"Optimale L\u00f6sungen f\u00fcr Ihre Branche | Drebes GmbH | Stahlrohrhandel in Korschenbroich\",\"isPartOf\":{\"@id\":\"https:\/\/www.drebes-gmbh.de\/#website\"},\"primaryImageOfPage\":{\"@id\":\"https:\/\/www.drebes-gmbh.de\/branchen\/#primaryimage\"},\"image\":{\"@id\":\"https:\/\/www.drebes-gmbh.de\/branchen\/#primaryimage\"},\"thumbnailUrl\":\"https:\/\/www.drebes-gmbh.de\/wp-content\/uploads\/drebes_banner_branchen.jpg\",\"datePublished\":\"2023-06-12T14:08:08+00:00\",\"dateModified\":\"2023-12-14T09:31:11+00:00\",\"breadcrumb\":{\"@id\":\"https:\/\/www.drebes-gmbh.de\/branchen\/#breadcrumb\"},\"inLanguage\":\"en-GB\",\"potentialAction\":[{\"@type\":\"ReadAction\",\"target\":[\"https:\/\/www.drebes-gmbh.de\/branchen\/\"]}]},{\"@type\":\"ImageObject\",\"inLanguage\":\"en-GB\",\"@id\":\"https:\/\/www.drebes-gmbh.de\/branchen\/#primaryimage\",\"url\":\"https:\/\/www.drebes-gmbh.de\/wp-content\/uploads\/drebes_banner_branchen.jpg\",\"contentUrl\":\"https:\/\/www.drebes-gmbh.de\/wp-content\/uploads\/drebes_banner_branchen.jpg\",\"width\":2560,\"height\":640},{\"@type\":\"BreadcrumbList\",\"@id\":\"https:\/\/www.drebes-gmbh.de\/branchen\/#breadcrumb\",\"itemListElement\":[{\"@type\":\"ListItem\",\"position\":1,\"name\":\"Startseite\",\"item\":\"https:\/\/www.drebes-gmbh.de\/\"},{\"@type\":\"ListItem\",\"position\":2,\"name\":\"Optimale L\u00f6sungen f\u00fcr Ihre Branche\"}]},{\"@type\":\"WebSite\",\"@id\":\"https:\/\/www.drebes-gmbh.de\/#website\",\"url\":\"https:\/\/www.drebes-gmbh.de\/\",\"name\":\"Drebes GmbH | Stahlrohrhandel in Korschenbroich\",\"description\":\"Pr\u00e4zisionsrohre und Trenntechnik - Rohrbearbeitung seit 1969\",\"publisher\":{\"@id\":\"https:\/\/www.drebes-gmbh.de\/#organization\"},\"alternateName\":\"Drebes Stahlrohrhandel\",\"potentialAction\":[{\"@type\":\"SearchAction\",\"target\":{\"@type\":\"EntryPoint\",\"urlTemplate\":\"https:\/\/www.drebes-gmbh.de\/?s={search_term_string}\"},\"query-input\":{\"@type\":\"PropertyValueSpecification\",\"valueRequired\":true,\"valueName\":\"search_term_string\"}}],\"inLanguage\":\"en-GB\"},{\"@type\":\"Organization\",\"@id\":\"https:\/\/www.drebes-gmbh.de\/#organization\",\"name\":\"Drebes GmbH\",\"alternateName\":\"Drebes Stahlrohrhandel\",\"url\":\"https:\/\/www.drebes-gmbh.de\/\",\"logo\":{\"@type\":\"ImageObject\",\"inLanguage\":\"en-GB\",\"@id\":\"https:\/\/www.drebes-gmbh.de\/#\/schema\/logo\/image\/\",\"url\":\"https:\/\/www.drebes-gmbh.de\/wp-content\/uploads\/drebes-logo-1200x1200_web.jpg\",\"contentUrl\":\"https:\/\/www.drebes-gmbh.de\/wp-content\/uploads\/drebes-logo-1200x1200_web.jpg\",\"width\":1200,\"height\":1200,\"caption\":\"Drebes GmbH\"},\"image\":{\"@id\":\"https:\/\/www.drebes-gmbh.de\/#\/schema\/logo\/image\/\"}}]}<\/script>\n<!-- \/ Yoast SEO plugin. -->","yoast_head_json":{"title":"Optimum solutions for your industry | Drebes GmbH | Stahlrohrhandel in Korschenbroich","robots":{"index":"index","follow":"follow","max-snippet":"max-snippet:-1","max-image-preview":"max-image-preview:large","max-video-preview":"max-video-preview:-1"},"canonical":"https:\/\/www.drebes-gmbh.de\/en\/branches\/","schema":{"@context":"https:\/\/schema.org","@graph":[{"@type":"WebPage","@id":"https:\/\/www.drebes-gmbh.de\/branchen\/","url":"https:\/\/www.drebes-gmbh.de\/branchen\/","name":"Optimum solutions for your industry | Drebes GmbH | Stahlrohrhandel in Korschenbroich","isPartOf":{"@id":"https:\/\/www.drebes-gmbh.de\/#website"},"primaryImageOfPage":{"@id":"https:\/\/www.drebes-gmbh.de\/branchen\/#primaryimage"},"image":{"@id":"https:\/\/www.drebes-gmbh.de\/branchen\/#primaryimage"},"thumbnailUrl":"https:\/\/www.drebes-gmbh.de\/wp-content\/uploads\/drebes_banner_branchen.jpg","datePublished":"2023-06-12T14:08:08+00:00","dateModified":"2023-12-14T09:31:11+00:00","breadcrumb":{"@id":"https:\/\/www.drebes-gmbh.de\/branchen\/#breadcrumb"},"inLanguage":"en-GB","potentialAction":[{"@type":"ReadAction","target":["https:\/\/www.drebes-gmbh.de\/branchen\/"]}]},{"@type":"ImageObject","inLanguage":"en-GB","@id":"https:\/\/www.drebes-gmbh.de\/branchen\/#primaryimage","url":"https:\/\/www.drebes-gmbh.de\/wp-content\/uploads\/drebes_banner_branchen.jpg","contentUrl":"https:\/\/www.drebes-gmbh.de\/wp-content\/uploads\/drebes_banner_branchen.jpg","width":2560,"height":640},{"@type":"BreadcrumbList","@id":"https:\/\/www.drebes-gmbh.de\/branchen\/#breadcrumb","itemListElement":[{"@type":"ListItem","position":1,"name":"Startseite","item":"https:\/\/www.drebes-gmbh.de\/"},{"@type":"ListItem","position":2,"name":"Optimale L\u00f6sungen f\u00fcr Ihre Branche"}]},{"@type":"WebSite","@id":"https:\/\/www.drebes-gmbh.de\/#website","url":"https:\/\/www.drebes-gmbh.de\/","name":"Drebes GmbH | Steel pipe trade in Korschenbroich","description":"Precision tubes and cutting technology - tube processing since 1969","publisher":{"@id":"https:\/\/www.drebes-gmbh.de\/#organization"},"alternateName":"Drebes Stahlrohrhandel","potentialAction":[{"@type":"SearchAction","target":{"@type":"EntryPoint","urlTemplate":"https:\/\/www.drebes-gmbh.de\/?s={search_term_string}"},"query-input":{"@type":"PropertyValueSpecification","valueRequired":true,"valueName":"search_term_string"}}],"inLanguage":"en-GB"},{"@type":"Organization","@id":"https:\/\/www.drebes-gmbh.de\/#organization","name":"Drebes GmbH","alternateName":"Drebes Stahlrohrhandel","url":"https:\/\/www.drebes-gmbh.de\/","logo":{"@type":"ImageObject","inLanguage":"en-GB","@id":"https:\/\/www.drebes-gmbh.de\/#\/schema\/logo\/image\/","url":"https:\/\/www.drebes-gmbh.de\/wp-content\/uploads\/drebes-logo-1200x1200_web.jpg","contentUrl":"https:\/\/www.drebes-gmbh.de\/wp-content\/uploads\/drebes-logo-1200x1200_web.jpg","width":1200,"height":1200,"caption":"Drebes GmbH"},"image":{"@id":"https:\/\/www.drebes-gmbh.de\/#\/schema\/logo\/image\/"}}]}},"_links":{"self":[{"href":"https:\/\/www.drebes-gmbh.de\/en\/wp-json\/wp\/v2\/pages\/99","targetHints":{"allow":["GET"]}}],"collection":[{"href":"https:\/\/www.drebes-gmbh.de\/en\/wp-json\/wp\/v2\/pages"}],"about":[{"href":"https:\/\/www.drebes-gmbh.de\/en\/wp-json\/wp\/v2\/types\/page"}],"author":[{"embeddable":true,"href":"https:\/\/www.drebes-gmbh.de\/en\/wp-json\/wp\/v2\/users\/1"}],"replies":[{"embeddable":true,"href":"https:\/\/www.drebes-gmbh.de\/en\/wp-json\/wp\/v2\/comments?post=99"}],"version-history":[{"count":43,"href":"https:\/\/www.drebes-gmbh.de\/en\/wp-json\/wp\/v2\/pages\/99\/revisions"}],"predecessor-version":[{"id":115380,"href":"https:\/\/www.drebes-gmbh.de\/en\/wp-json\/wp\/v2\/pages\/99\/revisions\/115380"}],"wp:featuredmedia":[{"embeddable":true,"href":"https:\/\/www.drebes-gmbh.de\/en\/wp-json\/wp\/v2\/media\/1313"}],"wp:attachment":[{"href":"https:\/\/www.drebes-gmbh.de\/en\/wp-json\/wp\/v2\/media?parent=99"}],"curies":[{"name":"wp","href":"https:\/\/api.w.org\/{rel}","templated":true}]}}