{"id":594,"date":"2023-06-28T08:32:58","date_gmt":"2023-06-28T08:32:58","guid":{"rendered":"https:\/\/www.drebes-gmbh.de\/?page_id=594"},"modified":"2023-09-07T09:13:38","modified_gmt":"2023-09-07T09:13:38","slug":"laserbewerking","status":"publish","type":"page","link":"https:\/\/www.drebes-gmbh.de\/nl\/leistungen\/laserbearbeitung\/","title":{"rendered":"Laserbewerking"},"content":{"rendered":"<div data-elementor-type=\"wp-page\" data-elementor-id=\"594\" class=\"elementor elementor-594\" data-elementor-post-type=\"page\">\n\t\t\t\t\t\t<section class=\"elementor-section elementor-top-section elementor-element elementor-element-cfea289 elementor-section-boxed elementor-section-height-default elementor-section-height-default\" data-id=\"cfea289\" data-element_type=\"section\" data-e-type=\"section\">\n\t\t\t\t\t\t<div class=\"elementor-container elementor-column-gap-default\">\n\t\t\t\t\t<div class=\"elementor-column elementor-col-50 elementor-top-column elementor-element elementor-element-a65c3d2\" data-id=\"a65c3d2\" data-element_type=\"column\" data-e-type=\"column\">\n\t\t\t<div class=\"elementor-widget-wrap elementor-element-populated\">\n\t\t\t\t\t\t<div class=\"elementor-element elementor-element-08594be elementor-widget elementor-widget-image\" data-id=\"08594be\" data-element_type=\"widget\" data-e-type=\"widget\" data-widget_type=\"image.default\">\n\t\t\t\t<div class=\"elementor-widget-container\">\n\t\t\t\t\t\t\t\t\t\t\t\t\t\t\t<img fetchpriority=\"high\" decoding=\"async\" width=\"720\" height=\"480\" src=\"https:\/\/www.drebes-gmbh.de\/wp-content\/uploads\/drebes_seite_laser_content_2023_011.jpg\" class=\"attachment-large size-large wp-image-1057\" alt=\"\" srcset=\"https:\/\/www.drebes-gmbh.de\/wp-content\/uploads\/drebes_seite_laser_content_2023_011.jpg 720w, https:\/\/www.drebes-gmbh.de\/wp-content\/uploads\/drebes_seite_laser_content_2023_011-300x200.jpg 300w\" sizes=\"(max-width: 720px) 100vw, 720px\" \/>\t\t\t\t\t\t\t\t\t\t\t\t\t\t\t<\/div>\n\t\t\t\t<\/div>\n\t\t\t\t\t<\/div>\n\t\t<\/div>\n\t\t\t\t<div class=\"elementor-column elementor-col-50 elementor-top-column elementor-element elementor-element-4c836d1\" data-id=\"4c836d1\" data-element_type=\"column\" data-e-type=\"column\">\n\t\t\t<div class=\"elementor-widget-wrap elementor-element-populated\">\n\t\t\t\t\t\t<div class=\"elementor-element elementor-element-9e1eef7 elementor-widget elementor-widget-text-editor\" data-id=\"9e1eef7\" data-element_type=\"widget\" data-e-type=\"widget\" data-widget_type=\"text-editor.default\">\n\t\t\t\t<div class=\"elementor-widget-container\">\n\t\t\t\t\t\t\t\t\t<p>Waar snijprocessen zoals zagen hun technische grenzen bereiken, moeten andere oplossingen gezocht worden. Wij bieden graag speciale uitsnijdingen of contouren aan als lasergesneden onderdelen. Wij gebruiken hiervoor ultramoderne 3D-buislasers.<\/p>\t\t\t\t\t\t\t\t<\/div>\n\t\t\t\t<\/div>\n\t\t\t\t<div class=\"elementor-element elementor-element-50cb38d elementor-widget elementor-widget-text-editor\" data-id=\"50cb38d\" data-element_type=\"widget\" data-e-type=\"widget\" data-widget_type=\"text-editor.default\">\n\t\t\t\t<div class=\"elementor-widget-container\">\n\t\t\t\t\t\t\t\t\t<p>Er zijn geen grenzen aan uw eisen en contourwensen.<\/p><p>Samen met u ontwikkelen wij een economische en innovatieve oplossing voor zowel serieproducten als afzonderlijke onderdelen en produceren wij uw producten op maat.<\/p>\t\t\t\t\t\t\t\t<\/div>\n\t\t\t\t<\/div>\n\t\t\t\t\t<\/div>\n\t\t<\/div>\n\t\t\t\t\t<\/div>\n\t\t<\/section>\n\t\t\t\t<section class=\"elementor-section elementor-top-section elementor-element elementor-element-516f91d elementor-section-full_width elementor-section-stretched elementor-section-height-default elementor-section-height-default\" data-id=\"516f91d\" data-element_type=\"section\" data-e-type=\"section\" data-settings=\"{&quot;stretch_section&quot;:&quot;section-stretched&quot;}\">\n\t\t\t\t\t\t<div class=\"elementor-container elementor-column-gap-no\">\n\t\t\t\t\t<div class=\"elementor-column elementor-col-100 elementor-top-column elementor-element elementor-element-13f97a2\" data-id=\"13f97a2\" data-element_type=\"column\" data-e-type=\"column\">\n\t\t\t<div class=\"elementor-widget-wrap elementor-element-populated\">\n\t\t\t\t\t\t<div class=\"elementor-element elementor-element-7198ba6 elementor-widget elementor-widget-template\" data-id=\"7198ba6\" data-element_type=\"widget\" data-e-type=\"widget\" data-widget_type=\"template.default\">\n\t\t\t\t<div class=\"elementor-widget-container\">\n\t\t\t\t\t\t\t<div class=\"elementor-template\">\n\t\t\t\t\t<div data-elementor-type=\"section\" data-elementor-id=\"795\" class=\"elementor elementor-795\" data-elementor-post-type=\"elementor_library\">\n\t\t\t\t\t<section class=\"elementor-section elementor-top-section elementor-element elementor-element-239f16ff elementor-section-boxed elementor-section-height-default elementor-section-height-default\" data-id=\"239f16ff\" data-element_type=\"section\" data-e-type=\"section\" data-settings=\"{&quot;background_background&quot;:&quot;classic&quot;}\">\n\t\t\t\t\t\t\t<div class=\"elementor-background-overlay\"><\/div>\n\t\t\t\t\t\t\t<div class=\"elementor-container elementor-column-gap-default\">\n\t\t\t\t\t<div class=\"elementor-column elementor-col-100 elementor-top-column elementor-element elementor-element-3656f40b\" data-id=\"3656f40b\" data-element_type=\"column\" data-e-type=\"column\">\n\t\t\t<div class=\"elementor-widget-wrap elementor-element-populated\">\n\t\t\t\t\t\t<div class=\"elementor-element elementor-element-6fd72141 elementor-widget elementor-widget-heading\" data-id=\"6fd72141\" data-element_type=\"widget\" data-e-type=\"widget\" data-widget_type=\"heading.default\">\n\t\t\t\t<div class=\"elementor-widget-container\">\n\t\t\t\t\t<h2 class=\"elementor-heading-title elementor-size-default\">\nSpeciale verzoeken voor materialen? <br>Neem gerust contact met ons op. \n<\/h2>\t\t\t\t<\/div>\n\t\t\t\t<\/div>\n\t\t\t\t<div class=\"elementor-element elementor-element-3bf4827c elementor-widget elementor-widget-text-editor\" data-id=\"3bf4827c\" data-element_type=\"widget\" data-e-type=\"widget\" data-widget_type=\"text-editor.default\">\n\t\t\t\t<div class=\"elementor-widget-container\">\n\t\t\t\t\t\t\t\t\t<p>We werken graag met u samen om een geschikte oplossing te ontwikkelen, waarbij we putten uit een schat aan ervaring.<br \/><br \/><\/p>\t\t\t\t\t\t\t\t<\/div>\n\t\t\t\t<\/div>\n\t\t\t\t<section class=\"elementor-section elementor-inner-section elementor-element elementor-element-1103c90e elementor-section-boxed elementor-section-height-default elementor-section-height-default\" data-id=\"1103c90e\" data-element_type=\"section\" data-e-type=\"section\">\n\t\t\t\t\t\t<div class=\"elementor-container elementor-column-gap-default\">\n\t\t\t\t\t<div class=\"elementor-column elementor-col-33 elementor-inner-column elementor-element elementor-element-5cd4da6c\" data-id=\"5cd4da6c\" data-element_type=\"column\" data-e-type=\"column\">\n\t\t\t<div class=\"elementor-widget-wrap\">\n\t\t\t\t\t\t\t<\/div>\n\t\t<\/div>\n\t\t\t\t<div class=\"elementor-column elementor-col-33 elementor-inner-column elementor-element elementor-element-6c221607\" data-id=\"6c221607\" data-element_type=\"column\" data-e-type=\"column\">\n\t\t\t<div class=\"elementor-widget-wrap elementor-element-populated\">\n\t\t\t\t\t\t<div class=\"elementor-element elementor-element-19bf79d5 elementor-align-justify elementor-widget elementor-widget-button\" data-id=\"19bf79d5\" data-element_type=\"widget\" data-e-type=\"widget\" data-widget_type=\"button.default\">\n\t\t\t\t<div class=\"elementor-widget-container\">\n\t\t\t\t\t\t\t\t\t<div class=\"elementor-button-wrapper\">\n\t\t\t\t\t<a class=\"elementor-button elementor-button-link elementor-size-xs\" href=\"https:\/\/www.drebes-gmbh.de\/nl\/projectaanvraag\/\">\n\t\t\t\t\t\t<span class=\"elementor-button-content-wrapper\">\n\t\t\t\t\t\t\t\t\t<span class=\"elementor-button-text\">Doe NU een vrijblijvende aanvraag<\/span>\n\t\t\t\t\t<\/span>\n\t\t\t\t\t<\/a>\n\t\t\t\t<\/div>\n\t\t\t\t\t\t\t\t<\/div>\n\t\t\t\t<\/div>\n\t\t\t\t\t<\/div>\n\t\t<\/div>\n\t\t\t\t<div class=\"elementor-column elementor-col-33 elementor-inner-column elementor-element elementor-element-51f38fcd\" data-id=\"51f38fcd\" data-element_type=\"column\" data-e-type=\"column\">\n\t\t\t<div class=\"elementor-widget-wrap\">\n\t\t\t\t\t\t\t<\/div>\n\t\t<\/div>\n\t\t\t\t\t<\/div>\n\t\t<\/section>\n\t\t\t\t\t<\/div>\n\t\t<\/div>\n\t\t\t\t\t<\/div>\n\t\t<\/section>\n\t\t\t\t<\/div>\n\t\t\t\t<\/div>\n\t\t\t\t\t\t<\/div>\n\t\t\t\t<\/div>\n\t\t\t\t\t<\/div>\n\t\t<\/div>\n\t\t\t\t\t<\/div>\n\t\t<\/section>\n\t\t\t\t<\/div>","protected":false},"excerpt":{"rendered":"<p>Wo spanende Verfahren wie S\u00e4gen an ihre technischen Grenzen kommen, muss man andere L\u00f6sungen suchen. Besondere Ausschnitte oder Konturen bieten wir gerne als gelaserte Teile an. Dazu bedienen wir uns modernster 3D Rohrlaser. Dabei sind Ihren Anforderungen und Kontur-W\u00fcnschen keine Grenzen gesetzt. Gemeinsam mit Ihnen entwickeln wir sowohl f\u00fcr Serienprodukte, als auch f\u00fcr Einzelteile eine [&hellip;]<\/p>\n","protected":false},"author":1,"featured_media":1055,"parent":41,"menu_order":0,"comment_status":"closed","ping_status":"closed","template":"","meta":{"footnotes":""},"class_list":["post-594","page","type-page","status-publish","has-post-thumbnail","hentry"],"yoast_head":"<!-- This site is optimized with the Yoast SEO plugin v27.4 - https:\/\/yoast.com\/product\/yoast-seo-wordpress\/ -->\n<title>Laserbearbeitung | Drebes GmbH | Stahlrohrhandel in Korschenbroich<\/title>\n<meta name=\"robots\" content=\"index, follow, max-snippet:-1, max-image-preview:large, max-video-preview:-1\" \/>\n<link rel=\"canonical\" href=\"https:\/\/www.drebes-gmbh.de\/nl\/diensten\/laserbewerking\/\" \/>\n<script type=\"application\/ld+json\" class=\"yoast-schema-graph\">{\"@context\":\"https:\\\/\\\/schema.org\",\"@graph\":[{\"@type\":\"WebPage\",\"@id\":\"https:\\\/\\\/www.drebes-gmbh.de\\\/leistungen\\\/laserbearbeitung\\\/\",\"url\":\"https:\\\/\\\/www.drebes-gmbh.de\\\/leistungen\\\/laserbearbeitung\\\/\",\"name\":\"Laserbearbeitung | Drebes GmbH | Stahlrohrhandel in Korschenbroich\",\"isPartOf\":{\"@id\":\"https:\\\/\\\/www.drebes-gmbh.de\\\/#website\"},\"primaryImageOfPage\":{\"@id\":\"https:\\\/\\\/www.drebes-gmbh.de\\\/leistungen\\\/laserbearbeitung\\\/#primaryimage\"},\"image\":{\"@id\":\"https:\\\/\\\/www.drebes-gmbh.de\\\/leistungen\\\/laserbearbeitung\\\/#primaryimage\"},\"thumbnailUrl\":\"https:\\\/\\\/www.drebes-gmbh.de\\\/wp-content\\\/uploads\\\/drebes_seite_laser_banner_2023_011.jpg\",\"datePublished\":\"2023-06-28T08:32:58+00:00\",\"dateModified\":\"2023-09-07T09:13:38+00:00\",\"breadcrumb\":{\"@id\":\"https:\\\/\\\/www.drebes-gmbh.de\\\/leistungen\\\/laserbearbeitung\\\/#breadcrumb\"},\"inLanguage\":\"nl-NL\",\"potentialAction\":[{\"@type\":\"ReadAction\",\"target\":[\"https:\\\/\\\/www.drebes-gmbh.de\\\/leistungen\\\/laserbearbeitung\\\/\"]}]},{\"@type\":\"ImageObject\",\"inLanguage\":\"nl-NL\",\"@id\":\"https:\\\/\\\/www.drebes-gmbh.de\\\/leistungen\\\/laserbearbeitung\\\/#primaryimage\",\"url\":\"https:\\\/\\\/www.drebes-gmbh.de\\\/wp-content\\\/uploads\\\/drebes_seite_laser_banner_2023_011.jpg\",\"contentUrl\":\"https:\\\/\\\/www.drebes-gmbh.de\\\/wp-content\\\/uploads\\\/drebes_seite_laser_banner_2023_011.jpg\",\"width\":2560,\"height\":640,\"caption\":\"CNC laser cutting of round metal rolling pipes on tube laser cutting machine with sparks\"},{\"@type\":\"BreadcrumbList\",\"@id\":\"https:\\\/\\\/www.drebes-gmbh.de\\\/leistungen\\\/laserbearbeitung\\\/#breadcrumb\",\"itemListElement\":[{\"@type\":\"ListItem\",\"position\":1,\"name\":\"Startseite\",\"item\":\"https:\\\/\\\/www.drebes-gmbh.de\\\/\"},{\"@type\":\"ListItem\",\"position\":2,\"name\":\"Leistungen\",\"item\":\"https:\\\/\\\/www.drebes-gmbh.de\\\/leistungen\\\/\"},{\"@type\":\"ListItem\",\"position\":3,\"name\":\"Laserbearbeitung\"}]},{\"@type\":\"WebSite\",\"@id\":\"https:\\\/\\\/www.drebes-gmbh.de\\\/#website\",\"url\":\"https:\\\/\\\/www.drebes-gmbh.de\\\/\",\"name\":\"Drebes GmbH | Stahlrohrhandel in Korschenbroich\",\"description\":\"Pr\u00e4zisionsrohre und Trenntechnik - Rohrbearbeitung seit 1969\",\"publisher\":{\"@id\":\"https:\\\/\\\/www.drebes-gmbh.de\\\/#organization\"},\"alternateName\":\"Drebes Stahlrohrhandel\",\"potentialAction\":[{\"@type\":\"SearchAction\",\"target\":{\"@type\":\"EntryPoint\",\"urlTemplate\":\"https:\\\/\\\/www.drebes-gmbh.de\\\/?s={search_term_string}\"},\"query-input\":{\"@type\":\"PropertyValueSpecification\",\"valueRequired\":true,\"valueName\":\"search_term_string\"}}],\"inLanguage\":\"nl-NL\"},{\"@type\":\"Organization\",\"@id\":\"https:\\\/\\\/www.drebes-gmbh.de\\\/#organization\",\"name\":\"Drebes GmbH\",\"alternateName\":\"Drebes Stahlrohrhandel\",\"url\":\"https:\\\/\\\/www.drebes-gmbh.de\\\/\",\"logo\":{\"@type\":\"ImageObject\",\"inLanguage\":\"nl-NL\",\"@id\":\"https:\\\/\\\/www.drebes-gmbh.de\\\/#\\\/schema\\\/logo\\\/image\\\/\",\"url\":\"https:\\\/\\\/www.drebes-gmbh.de\\\/wp-content\\\/uploads\\\/drebes-logo-1200x1200_web.jpg\",\"contentUrl\":\"https:\\\/\\\/www.drebes-gmbh.de\\\/wp-content\\\/uploads\\\/drebes-logo-1200x1200_web.jpg\",\"width\":1200,\"height\":1200,\"caption\":\"Drebes GmbH\"},\"image\":{\"@id\":\"https:\\\/\\\/www.drebes-gmbh.de\\\/#\\\/schema\\\/logo\\\/image\\\/\"}}]}<\/script>\n<!-- \/ Yoast SEO plugin. -->","yoast_head_json":{"title":"Laserbewerking | Drebes GmbH | Handel in stalen buizen in Korschenbroich","robots":{"index":"index","follow":"follow","max-snippet":"max-snippet:-1","max-image-preview":"max-image-preview:large","max-video-preview":"max-video-preview:-1"},"canonical":"https:\/\/www.drebes-gmbh.de\/nl\/diensten\/laserbewerking\/","schema":{"@context":"https:\/\/schema.org","@graph":[{"@type":"WebPage","@id":"https:\/\/www.drebes-gmbh.de\/leistungen\/laserbearbeitung\/","url":"https:\/\/www.drebes-gmbh.de\/leistungen\/laserbearbeitung\/","name":"Laserbewerking | Drebes GmbH | Handel in stalen buizen in Korschenbroich","isPartOf":{"@id":"https:\/\/www.drebes-gmbh.de\/#website"},"primaryImageOfPage":{"@id":"https:\/\/www.drebes-gmbh.de\/leistungen\/laserbearbeitung\/#primaryimage"},"image":{"@id":"https:\/\/www.drebes-gmbh.de\/leistungen\/laserbearbeitung\/#primaryimage"},"thumbnailUrl":"https:\/\/www.drebes-gmbh.de\/wp-content\/uploads\/drebes_seite_laser_banner_2023_011.jpg","datePublished":"2023-06-28T08:32:58+00:00","dateModified":"2023-09-07T09:13:38+00:00","breadcrumb":{"@id":"https:\/\/www.drebes-gmbh.de\/leistungen\/laserbearbeitung\/#breadcrumb"},"inLanguage":"nl-NL","potentialAction":[{"@type":"ReadAction","target":["https:\/\/www.drebes-gmbh.de\/leistungen\/laserbearbeitung\/"]}]},{"@type":"ImageObject","inLanguage":"nl-NL","@id":"https:\/\/www.drebes-gmbh.de\/leistungen\/laserbearbeitung\/#primaryimage","url":"https:\/\/www.drebes-gmbh.de\/wp-content\/uploads\/drebes_seite_laser_banner_2023_011.jpg","contentUrl":"https:\/\/www.drebes-gmbh.de\/wp-content\/uploads\/drebes_seite_laser_banner_2023_011.jpg","width":2560,"height":640,"caption":"CNC laser cutting of round metal rolling pipes on tube laser cutting machine with sparks"},{"@type":"BreadcrumbList","@id":"https:\/\/www.drebes-gmbh.de\/leistungen\/laserbearbeitung\/#breadcrumb","itemListElement":[{"@type":"ListItem","position":1,"name":"Startseite","item":"https:\/\/www.drebes-gmbh.de\/"},{"@type":"ListItem","position":2,"name":"Leistungen","item":"https:\/\/www.drebes-gmbh.de\/leistungen\/"},{"@type":"ListItem","position":3,"name":"Laserbearbeitung"}]},{"@type":"WebSite","@id":"https:\/\/www.drebes-gmbh.de\/#website","url":"https:\/\/www.drebes-gmbh.de\/","name":"Drebes GmbH | Stalen buizenhandel in Korschenbroich","description":"Precisiebuizen en snijtechnologie - buisbewerking sinds 1969","publisher":{"@id":"https:\/\/www.drebes-gmbh.de\/#organization"},"alternateName":"Drebes Stahlrohrhandel","potentialAction":[{"@type":"SearchAction","target":{"@type":"EntryPoint","urlTemplate":"https:\/\/www.drebes-gmbh.de\/?s={search_term_string}"},"query-input":{"@type":"PropertyValueSpecification","valueRequired":true,"valueName":"search_term_string"}}],"inLanguage":"nl-NL"},{"@type":"Organization","@id":"https:\/\/www.drebes-gmbh.de\/#organization","name":"Drebes GmbH","alternateName":"Drebes Stahlrohrhandel","url":"https:\/\/www.drebes-gmbh.de\/","logo":{"@type":"ImageObject","inLanguage":"nl-NL","@id":"https:\/\/www.drebes-gmbh.de\/#\/schema\/logo\/image\/","url":"https:\/\/www.drebes-gmbh.de\/wp-content\/uploads\/drebes-logo-1200x1200_web.jpg","contentUrl":"https:\/\/www.drebes-gmbh.de\/wp-content\/uploads\/drebes-logo-1200x1200_web.jpg","width":1200,"height":1200,"caption":"Drebes GmbH"},"image":{"@id":"https:\/\/www.drebes-gmbh.de\/#\/schema\/logo\/image\/"}}]}},"_links":{"self":[{"href":"https:\/\/www.drebes-gmbh.de\/nl\/wp-json\/wp\/v2\/pages\/594","targetHints":{"allow":["GET"]}}],"collection":[{"href":"https:\/\/www.drebes-gmbh.de\/nl\/wp-json\/wp\/v2\/pages"}],"about":[{"href":"https:\/\/www.drebes-gmbh.de\/nl\/wp-json\/wp\/v2\/types\/page"}],"author":[{"embeddable":true,"href":"https:\/\/www.drebes-gmbh.de\/nl\/wp-json\/wp\/v2\/users\/1"}],"replies":[{"embeddable":true,"href":"https:\/\/www.drebes-gmbh.de\/nl\/wp-json\/wp\/v2\/comments?post=594"}],"version-history":[{"count":17,"href":"https:\/\/www.drebes-gmbh.de\/nl\/wp-json\/wp\/v2\/pages\/594\/revisions"}],"predecessor-version":[{"id":1060,"href":"https:\/\/www.drebes-gmbh.de\/nl\/wp-json\/wp\/v2\/pages\/594\/revisions\/1060"}],"up":[{"embeddable":true,"href":"https:\/\/www.drebes-gmbh.de\/nl\/wp-json\/wp\/v2\/pages\/41"}],"wp:featuredmedia":[{"embeddable":true,"href":"https:\/\/www.drebes-gmbh.de\/nl\/wp-json\/wp\/v2\/media\/1055"}],"wp:attachment":[{"href":"https:\/\/www.drebes-gmbh.de\/nl\/wp-json\/wp\/v2\/media?parent=594"}],"curies":[{"name":"wp","href":"https:\/\/api.w.org\/{rel}","templated":true}]}}